{"id":4791,"date":"2023-01-24T18:34:29","date_gmt":"2023-01-24T18:34:29","guid":{"rendered":"https:\/\/atelierania.pl\/PL\/?page_id=4791"},"modified":"2024-03-09T15:15:55","modified_gmt":"2024-03-09T15:15:55","slug":"zalacznik-do-polityki-prywatnosci","status":"publish","type":"page","link":"https:\/\/atelierania.pl\/PL\/polityka-prywatnosci\/zalacznik-do-polityki-prywatnosci\/","title":{"rendered":"Za\u0142\u0105cznik do Polityki prywatno\u015bci"},"content":{"rendered":"\t\t<div data-elementor-type=\"wp-page\" data-elementor-id=\"4791\" class=\"elementor elementor-4791\">\n\t\t\t\t\t\t<section class=\"elementor-section elementor-top-section elementor-element elementor-element-10b5b739 elementor-section-boxed elementor-section-height-default elementor-section-height-default\" data-id=\"10b5b739\" data-element_type=\"section\" data-e-type=\"section\">\n\t\t\t\t\t\t<div class=\"elementor-container elementor-column-gap-default\">\n\t\t\t\t\t<div class=\"elementor-column elementor-col-100 elementor-top-column elementor-element elementor-element-287942f\" data-id=\"287942f\" data-element_type=\"column\" data-e-type=\"column\">\n\t\t\t<div class=\"elementor-widget-wrap elementor-element-populated\">\n\t\t\t\t\t\t<div class=\"elementor-element elementor-element-287ed12b elementor-widget elementor-widget-text-editor\" data-id=\"287ed12b\" data-element_type=\"widget\" data-e-type=\"widget\" data-widget_type=\"text-editor.default\">\n\t\t\t\t<div class=\"elementor-widget-container\">\n\t\t\t\t\t\t\t\t\t<p><\/p>\n<p><strong>WYKAZ NARZ\u0118DZI ZEWN\u0118TRZNYCH<\/strong><\/p>\n<p><\/p>\n<p><\/p>\n<figure class=\"wp-block-table\">\n<table>\n<tbody>\n<tr>\n<td class=\"has-text-align-center\" data-align=\"center\">Nazwa narz\u0119dzia<\/td>\n<td class=\"has-text-align-center\" data-align=\"center\"><strong>Opis dzia\u0142ania oraz plik\u00f3w cookies<\/strong><\/td>\n<\/tr>\n<tr>\n<td class=\"has-text-align-center\" data-align=\"center\">Meta Pixel<\/td>\n<td class=\"has-text-align-center\" data-align=\"center\">Korzystam z systemu reklamowego Meta zapewnianego przez ameryka\u0144sk\u0105 sp\u00f3\u0142k\u0119 Meta Platform Inc. W celu kierowania do Ciebie reklam spersonalizowanych pod k\u0105tem Twoich zachowa\u0144 na mojej stronie zaimplementowa\u0142am w ramach strony Pixel Meta, kt\u00f3ry w spos\u00f3b automatyczny informacje na temat Twojej aktywno\u015bci na mojej stronie przesy\u0142ane nast\u0119pnie do systemu reklamowego Meta. W ramach systemu reklamowego Meta mam dost\u0119p wy\u0142\u0105cznie do Informacji Anonimowych. Dzi\u0119ki zgromadzonym w ten spos\u00f3b informacjom jestem w stanie wy\u015bwietla\u0107 Ci reklamy w ramach systemu reklamowego Meta w zale\u017cno\u015bci od Twoich zachowa\u0144 na mojej stronie oraz prowadzi\u0107 pomiary skuteczno\u015bci realizowanych kampanii reklamowych w celu wyci\u0105gania wniosk\u00f3w pozwalaj\u0105cych na optymalizacj\u0119 tych kampanii pod k\u0105tem efektywno\u015bci. Sp\u00f3\u0142ka Meta Platform Inc. mo\u017ce \u0142\u0105czy\u0107 informacje zbierane z wykorzystaniem Pixel Meta z innymi informacjami o Tobie gromadzonymi w ramach korzystania przez Ciebie z serwis\u00f3w zarz\u0105dzanych przez sp\u00f3\u0142k\u0119 (m.in. Facebook, Instagram) i wykorzystywa\u0107 dla swoich w\u0142asnych cel\u00f3w, w tym marketingowych. Takie dzia\u0142ania Meta nie s\u0105 ju\u017c zale\u017cne ode mnie, a informacji o nich mo\u017cesz szuka\u0107 bezpo\u015brednio w <a href=\"https:\/\/www.facebook.com\/privacy\/explanation\">polityce prywatno\u015bci Meta<\/a>. Z poziomu swojego konta na Facebooku mo\u017cesz r\u00f3wnie\u017c zarz\u0105dza\u0107 swoimi ustawieniami prywatno\u015bci.&nbsp;<a href=\"https:\/\/www.facebook.com\/ads\/settings\">Tutaj<\/a> znajdziesz przydatne informacje w tym zakresie.<\/td>\n<\/tr>\n<tr>\n<td class=\"has-text-align-center\" data-align=\"center\"><strong>Facebook Connect<\/strong><\/td>\n<td class=\"has-text-align-center\" data-align=\"center\">Na mojej stronie internetowej u\u017cywane s\u0105 wtyczki, przyciski i inne narz\u0119dzia spo\u0142eczno\u015bciowe, zwane dalej \u0142\u0105cznie \u201ewtyczkami\u201d, zwi\u0105zane z serwisami spo\u0142eczno\u015bciowymi zarz\u0105dzanymi przez ameryka\u0144sk\u0105 sp\u00f3\u0142k\u0119 Meta Platform Inc. Dzi\u0119ki temu, masz mo\u017cliwo\u015b\u0107 korzystania z wybranych funkcji spo\u0142eczno\u015bciowych na moich stronach, np. przycisk lubi\u0119 to, udost\u0119pnij itp. Wtyczki gromadz\u0105 informacje na temat Twojej aktywno\u015bci na mojej stronie. Nie mam dost\u0119pu do tych informacji. Dla mnie wa\u017cne jest tylko to, \u017ceby wtyczki dzia\u0142a\u0142y prawid\u0142owo. Informacje gromadzone przez wtyczki mog\u0105 by\u0107 wykorzystywane przez Meta Platform Inc. we w\u0142asnych celach, takich jak np. doskonalenie w\u0142asnych produkt\u00f3w, tworzenie profili u\u017cytkownik\u00f3w, analiza i optymalizacja w\u0142asnych dzia\u0142a\u0144, targetowanie reklam, na co nie mam jednak realnego wp\u0142ywu. Szczeg\u00f3\u0142\u00f3w w tym zakresie mo\u017cesz szuka\u0107 w <a href=\"https:\/\/www.facebook.com\/privacy\/explanation\">polityce prywatno\u015bci Meta<\/a>.<\/td>\n<\/tr>\n<tr>\n<td class=\"has-text-align-center\" data-align=\"center\"><strong>MailerLite<\/strong><\/td>\n<td class=\"has-text-align-center\" data-align=\"center\">Korzystam z systemu mailingowego MailerLite zapewnianego przez irlandzk\u0105 sp\u00f3\u0142k\u0119 MailerLite Limited. Formularze zapisu na listy mailingowe osadzane na mojej stronie mog\u0105 wykorzystywa\u0107 technologi\u0119 plik\u00f3w cookies na potrzeby zapewnienia prawid\u0142owego funkcjonowania tych formularzy oraz mierzenia ich konwersji. Do informacji gromadzonych w plikach cookies MailerLite w celu prawid\u0142owego funkcjonowania formularzy nie mam dost\u0119pu \u2013 interesuje mnie tylko, \u017ceby formularz dzia\u0142a\u0142 prawid\u0142owo. Je\u017celi chodzi o mierzenie konwersji formularzy zapisu, mam dost\u0119p wy\u0142\u0105cznie do anonimowych informacji statystycznych. Ponadto, korzystam z dodatkowej funkcji systemu MailerLite polegaj\u0105cej na kontroli cz\u0119stotliwo\u015bci wy\u015bwietlania Ci pop-up\u2019\u00f3w z formularzami zapisu na listy mailingowe. W tym celu wykorzystywany jest plik cookie MailerLite, kt\u00f3ry przechowuje informacje o wy\u015bwietleniu Ci pop-up\u2019u w celu niewy\u015bwietlania Ci go ponownie przez okre\u015blony czas. Ponadto, korzystam z dodatkowej funkcji systemu MailerLite \u2013 kreatora stron internetowych. Tworzone w ten spos\u00f3b strony internetowe przechowywane s\u0105 w ramach infrastruktury MailerLite i wykorzystuj\u0105 pliki cookies MailerLite w celu zapewnienia prawid\u0142owego ich dzia\u0142ania oraz zapewniania wgl\u0105du do anonimowych statystyk pozwalaj\u0105cych na ocen\u0119 efektywno\u015bci stron.<\/td>\n<\/tr>\n<tr>\n<td class=\"has-text-align-center\" data-align=\"center\"><strong>YouTube<\/strong><\/td>\n<td class=\"has-text-align-center\" data-align=\"center\">Na moich stronach osadzane s\u0105 widgety YouTube pozwalaj\u0105ce Ci odtwarza\u0107 nagrania dost\u0119pne w serwisie YouTube bezpo\u015brednio z moich stron. Serwis YouTube obs\u0142ugiwany jest przez ameryka\u0144sk\u0105 sp\u00f3\u0142k\u0119 Google LLC. Gdy odtwarzasz nagranie, YouTube zapisuje na Twoim urz\u0105dzeniu pliki cookies i otrzymuje informacje, \u017ce odtworzy\u0142e\u015b nagranie z poziomu okre\u015blonej strony internetowej, nawet je\u015bli nie posiadasz konta Google czy nie jeste\u015b akurat zalogowany. Je\u015bli zalogowa\u0142e\u015b si\u0119 do konta Google, to us\u0142ugodawca ten b\u0119dzie m\u00f3g\u0142 bezpo\u015brednio przyporz\u0105dkowa\u0107 wizyt\u0119 na naszej stronie do Twojego konta. Cel i zakres gromadzenia danych oraz ich dalszego przetwarzania i wykorzystania przez Google, jak r\u00f3wnie\u017c mo\u017cliwo\u015b\u0107 kontaktu oraz Twoje prawa w tym zakresie i mo\u017cliwo\u015b\u0107 dokonania ustawie\u0144 zapewniaj\u0105cych ochron\u0119 Twojej prywatno\u015bci zosta\u0142y opisane w polityce <a href=\"https:\/\/policies.google.com\/privacy\">prywatno\u015bci Google<\/a>.&nbsp; Je\u015bli nie chcesz, aby Google przyporz\u0105dkowywa\u0142 dane zebrane w trakcie odtwarzania wideo bezpo\u015brednio Twojemu profilowi, przed odtworzeniem wideo musisz si\u0119 wylogowa\u0107 ze swojego konta. Mo\u017cesz r\u00f3wnie\u017c ca\u0142kowicie uniemo\u017cliwi\u0107 za\u0142adowanie na stronie wtyczek stosuj\u0105c odpowiednie rozszerzenia dla Twojej przegl\u0105darki, np. blokowanie skrypt\u00f3w. Informacje gromadzone w ramach plik\u00f3w cookies zwi\u0105zanych z osadzonymi na moich stronach filmami z serwisu YouTube wykorzystywane s\u0105 przez Google w celu zapewnienia prawid\u0142owego i bezpiecznego funkcjonowania widgetu, analizy i optymalizacji w zakresie \u015bwiadczonych przez YouTube us\u0142ug, jak r\u00f3wnie\u017c w celach personalizacji i reklamy. Nie mam dost\u0119pu do tych informacji. Dla mnie wa\u017cne jest tylko to, \u017ceby odtwarzacz dzia\u0142a\u0142 prawid\u0142owo. Pami\u0119taj, \u017ce odtwarzaj\u0105c nagrania dost\u0119pne w serwisie YouTube, korzystasz z us\u0142ug \u015bwiadczonych drog\u0105 elektroniczn\u0105 przez Google LLC. Google LLC jest samodzielnym, niezale\u017cnym ode mnie podmiotem \u015bwiadcz\u0105cym na Twoj\u0105 rzecz us\u0142ugi drog\u0105 elektroniczn\u0105. Szczeg\u00f3\u0142\u00f3w w zakresie zasad korzystania z YouTube, w tym ochrony prywatno\u015bci, mo\u017cesz szuka\u0107 w dokumentach udost\u0119pnianych bezpo\u015brednio przez YouTube: <a href=\"https:\/\/www.youtube.com\/static?gl=PL&amp;template=terms\">regulamin<\/a> i <a href=\"https:\/\/policies.google.com\/privacy\">polityka prywatno\u015bci<\/a>.<\/td>\n<\/tr>\n<tr>\n<td class=\"has-text-align-center\" data-align=\"center\"><strong>PayPal<\/strong><\/td>\n<td class=\"has-text-align-center\" data-align=\"center\">\n<p><span style=\"font-family: Arial, serif;\"><span style=\"font-size: small;\">Zapewniam mo\u017cliwo\u015b\u0107 p\u0142atno\u015bci z wykorzystaniem systemu PayPal. Osadzony na mojej stronie przycisk PayPal gromadzi pewne Informacje Anonimowe, do kt\u00f3rych jednak nie mam dost\u0119pu \u2013 interesuje mnie tylko, \u017ceby istnia\u0142a mo\u017cliwo\u015b\u0107 p\u0142atno\u015bci za po\u015brednictwem PayPal.<\/span><\/span><\/p>\n<\/td>\n<\/tr>\n<\/tbody>\n<\/table>\n<\/figure>\n<p><\/p>\t\t\t\t\t\t\t\t<\/div>\n\t\t\t\t<\/div>\n\t\t\t\t\t<\/div>\n\t\t<\/div>\n\t\t\t\t\t<\/div>\n\t\t<\/section>\n\t\t\t\t<\/div>\n\t\t","protected":false},"excerpt":{"rendered":"<p>WYKAZ NARZ\u0118DZI ZEWN\u0118TRZNYCH Nazwa narz\u0119dzia Opis dzia\u0142ania oraz plik\u00f3w cookies Meta Pixel Korzystam z systemu reklamowego Meta zapewnianego przez ameryka\u0144sk\u0105 sp\u00f3\u0142k\u0119 Meta Platform Inc. W celu kierowania do Ciebie reklam spersonalizowanych pod k\u0105tem Twoich zachowa\u0144 na mojej stronie zaimplementowa\u0142am w ramach strony Pixel Meta, kt\u00f3ry w spos\u00f3b automatyczny informacje na temat Twojej aktywno\u015bci na mojej&hellip; <\/p>\n","protected":false},"author":1,"featured_media":0,"parent":3,"menu_order":0,"comment_status":"closed","ping_status":"closed","template":"","meta":{"footnotes":""},"class_list":["post-4791","page","type-page","status-publish","hentry"],"yoast_head":"<!-- This site is optimized with the Yoast SEO plugin v27.4 - https:\/\/yoast.com\/product\/yoast-seo-wordpress\/ -->\n<title>Za\u0142\u0105cznik do Polityki prywatno\u015bci - Atelier Ania<\/title>\n<meta name=\"robots\" content=\"noindex, nofollow\" \/>\n<meta property=\"og:locale\" content=\"pl_PL\" \/>\n<meta property=\"og:type\" content=\"article\" \/>\n<meta property=\"og:title\" content=\"Za\u0142\u0105cznik do Polityki prywatno\u015bci - Atelier Ania\" \/>\n<meta property=\"og:description\" content=\"WYKAZ NARZ\u0118DZI ZEWN\u0118TRZNYCH Nazwa narz\u0119dzia Opis dzia\u0142ania oraz plik\u00f3w cookies Meta Pixel Korzystam z systemu reklamowego Meta zapewnianego przez ameryka\u0144sk\u0105 sp\u00f3\u0142k\u0119 Meta Platform Inc. W celu kierowania do Ciebie reklam spersonalizowanych pod k\u0105tem Twoich zachowa\u0144 na mojej stronie zaimplementowa\u0142am w ramach strony Pixel Meta, kt\u00f3ry w spos\u00f3b automatyczny informacje na temat Twojej aktywno\u015bci na mojej&hellip;\" \/>\n<meta property=\"og:url\" content=\"https:\/\/atelierania.pl\/PL\/polityka-prywatnosci\/zalacznik-do-polityki-prywatnosci\/\" \/>\n<meta property=\"og:site_name\" content=\"Atelier Ania\" \/>\n<meta property=\"article:modified_time\" content=\"2024-03-09T15:15:55+00:00\" \/>\n<meta name=\"twitter:card\" content=\"summary_large_image\" \/>\n<meta name=\"twitter:label1\" content=\"Szacowany czas czytania\" \/>\n\t<meta name=\"twitter:data1\" content=\"5 minut\" \/>\n<script type=\"application\/ld+json\" class=\"yoast-schema-graph\">{\"@context\":\"https:\\\/\\\/schema.org\",\"@graph\":[{\"@type\":\"WebPage\",\"@id\":\"https:\\\/\\\/atelierania.pl\\\/PL\\\/polityka-prywatnosci\\\/zalacznik-do-polityki-prywatnosci\\\/\",\"url\":\"https:\\\/\\\/atelierania.pl\\\/PL\\\/polityka-prywatnosci\\\/zalacznik-do-polityki-prywatnosci\\\/\",\"name\":\"Za\u0142\u0105cznik do Polityki prywatno\u015bci - Atelier Ania\",\"isPartOf\":{\"@id\":\"https:\\\/\\\/atelierania.pl\\\/PL\\\/#website\"},\"datePublished\":\"2023-01-24T18:34:29+00:00\",\"dateModified\":\"2024-03-09T15:15:55+00:00\",\"breadcrumb\":{\"@id\":\"https:\\\/\\\/atelierania.pl\\\/PL\\\/polityka-prywatnosci\\\/zalacznik-do-polityki-prywatnosci\\\/#breadcrumb\"},\"inLanguage\":\"pl-PL\",\"potentialAction\":[{\"@type\":\"ReadAction\",\"target\":[\"https:\\\/\\\/atelierania.pl\\\/PL\\\/polityka-prywatnosci\\\/zalacznik-do-polityki-prywatnosci\\\/\"]}]},{\"@type\":\"BreadcrumbList\",\"@id\":\"https:\\\/\\\/atelierania.pl\\\/PL\\\/polityka-prywatnosci\\\/zalacznik-do-polityki-prywatnosci\\\/#breadcrumb\",\"itemListElement\":[{\"@type\":\"ListItem\",\"position\":1,\"name\":\"Strona g\u0142\u00f3wna\",\"item\":\"https:\\\/\\\/atelierania.pl\\\/PL\\\/\"},{\"@type\":\"ListItem\",\"position\":2,\"name\":\"Polityka Prywatno\u015bci i plik\u00f3w COOKIES\",\"item\":\"https:\\\/\\\/atelierania.pl\\\/PL\\\/polityka-prywatnosci\\\/\"},{\"@type\":\"ListItem\",\"position\":3,\"name\":\"Za\u0142\u0105cznik do Polityki prywatno\u015bci\"}]},{\"@type\":\"WebSite\",\"@id\":\"https:\\\/\\\/atelierania.pl\\\/PL\\\/#website\",\"url\":\"https:\\\/\\\/atelierania.pl\\\/PL\\\/\",\"name\":\"Atelier Ania\",\"description\":\"\",\"publisher\":{\"@id\":\"https:\\\/\\\/atelierania.pl\\\/PL\\\/#organization\"},\"potentialAction\":[{\"@type\":\"SearchAction\",\"target\":{\"@type\":\"EntryPoint\",\"urlTemplate\":\"https:\\\/\\\/atelierania.pl\\\/PL\\\/?s={search_term_string}\"},\"query-input\":{\"@type\":\"PropertyValueSpecification\",\"valueRequired\":true,\"valueName\":\"search_term_string\"}}],\"inLanguage\":\"pl-PL\"},{\"@type\":\"Organization\",\"@id\":\"https:\\\/\\\/atelierania.pl\\\/PL\\\/#organization\",\"name\":\"Atelier Ania\",\"url\":\"https:\\\/\\\/atelierania.pl\\\/PL\\\/\",\"logo\":{\"@type\":\"ImageObject\",\"inLanguage\":\"pl-PL\",\"@id\":\"https:\\\/\\\/atelierania.pl\\\/PL\\\/#\\\/schema\\\/logo\\\/image\\\/\",\"url\":\"https:\\\/\\\/atelierania.pl\\\/PL\\\/wp-content\\\/uploads\\\/2023\\\/03\\\/logo_f.jpg\",\"contentUrl\":\"https:\\\/\\\/atelierania.pl\\\/PL\\\/wp-content\\\/uploads\\\/2023\\\/03\\\/logo_f.jpg\",\"width\":51,\"height\":51,\"caption\":\"Atelier Ania\"},\"image\":{\"@id\":\"https:\\\/\\\/atelierania.pl\\\/PL\\\/#\\\/schema\\\/logo\\\/image\\\/\"}}]}<\/script>\n<!-- \/ Yoast SEO plugin. -->","yoast_head_json":{"title":"Za\u0142\u0105cznik do Polityki prywatno\u015bci - Atelier Ania","robots":{"index":"noindex","follow":"nofollow"},"og_locale":"pl_PL","og_type":"article","og_title":"Za\u0142\u0105cznik do Polityki prywatno\u015bci - Atelier Ania","og_description":"WYKAZ NARZ\u0118DZI ZEWN\u0118TRZNYCH Nazwa narz\u0119dzia Opis dzia\u0142ania oraz plik\u00f3w cookies Meta Pixel Korzystam z systemu reklamowego Meta zapewnianego przez ameryka\u0144sk\u0105 sp\u00f3\u0142k\u0119 Meta Platform Inc. W celu kierowania do Ciebie reklam spersonalizowanych pod k\u0105tem Twoich zachowa\u0144 na mojej stronie zaimplementowa\u0142am w ramach strony Pixel Meta, kt\u00f3ry w spos\u00f3b automatyczny informacje na temat Twojej aktywno\u015bci na mojej&hellip;","og_url":"https:\/\/atelierania.pl\/PL\/polityka-prywatnosci\/zalacznik-do-polityki-prywatnosci\/","og_site_name":"Atelier Ania","article_modified_time":"2024-03-09T15:15:55+00:00","twitter_card":"summary_large_image","twitter_misc":{"Szacowany czas czytania":"5 minut"},"schema":{"@context":"https:\/\/schema.org","@graph":[{"@type":"WebPage","@id":"https:\/\/atelierania.pl\/PL\/polityka-prywatnosci\/zalacznik-do-polityki-prywatnosci\/","url":"https:\/\/atelierania.pl\/PL\/polityka-prywatnosci\/zalacznik-do-polityki-prywatnosci\/","name":"Za\u0142\u0105cznik do Polityki prywatno\u015bci - Atelier Ania","isPartOf":{"@id":"https:\/\/atelierania.pl\/PL\/#website"},"datePublished":"2023-01-24T18:34:29+00:00","dateModified":"2024-03-09T15:15:55+00:00","breadcrumb":{"@id":"https:\/\/atelierania.pl\/PL\/polityka-prywatnosci\/zalacznik-do-polityki-prywatnosci\/#breadcrumb"},"inLanguage":"pl-PL","potentialAction":[{"@type":"ReadAction","target":["https:\/\/atelierania.pl\/PL\/polityka-prywatnosci\/zalacznik-do-polityki-prywatnosci\/"]}]},{"@type":"BreadcrumbList","@id":"https:\/\/atelierania.pl\/PL\/polityka-prywatnosci\/zalacznik-do-polityki-prywatnosci\/#breadcrumb","itemListElement":[{"@type":"ListItem","position":1,"name":"Strona g\u0142\u00f3wna","item":"https:\/\/atelierania.pl\/PL\/"},{"@type":"ListItem","position":2,"name":"Polityka Prywatno\u015bci i plik\u00f3w COOKIES","item":"https:\/\/atelierania.pl\/PL\/polityka-prywatnosci\/"},{"@type":"ListItem","position":3,"name":"Za\u0142\u0105cznik do Polityki prywatno\u015bci"}]},{"@type":"WebSite","@id":"https:\/\/atelierania.pl\/PL\/#website","url":"https:\/\/atelierania.pl\/PL\/","name":"Atelier Ania","description":"","publisher":{"@id":"https:\/\/atelierania.pl\/PL\/#organization"},"potentialAction":[{"@type":"SearchAction","target":{"@type":"EntryPoint","urlTemplate":"https:\/\/atelierania.pl\/PL\/?s={search_term_string}"},"query-input":{"@type":"PropertyValueSpecification","valueRequired":true,"valueName":"search_term_string"}}],"inLanguage":"pl-PL"},{"@type":"Organization","@id":"https:\/\/atelierania.pl\/PL\/#organization","name":"Atelier Ania","url":"https:\/\/atelierania.pl\/PL\/","logo":{"@type":"ImageObject","inLanguage":"pl-PL","@id":"https:\/\/atelierania.pl\/PL\/#\/schema\/logo\/image\/","url":"https:\/\/atelierania.pl\/PL\/wp-content\/uploads\/2023\/03\/logo_f.jpg","contentUrl":"https:\/\/atelierania.pl\/PL\/wp-content\/uploads\/2023\/03\/logo_f.jpg","width":51,"height":51,"caption":"Atelier Ania"},"image":{"@id":"https:\/\/atelierania.pl\/PL\/#\/schema\/logo\/image\/"}}]}},"_links":{"self":[{"href":"https:\/\/atelierania.pl\/PL\/wp-json\/wp\/v2\/pages\/4791","targetHints":{"allow":["GET"]}}],"collection":[{"href":"https:\/\/atelierania.pl\/PL\/wp-json\/wp\/v2\/pages"}],"about":[{"href":"https:\/\/atelierania.pl\/PL\/wp-json\/wp\/v2\/types\/page"}],"author":[{"embeddable":true,"href":"https:\/\/atelierania.pl\/PL\/wp-json\/wp\/v2\/users\/1"}],"replies":[{"embeddable":true,"href":"https:\/\/atelierania.pl\/PL\/wp-json\/wp\/v2\/comments?post=4791"}],"version-history":[{"count":14,"href":"https:\/\/atelierania.pl\/PL\/wp-json\/wp\/v2\/pages\/4791\/revisions"}],"predecessor-version":[{"id":6090,"href":"https:\/\/atelierania.pl\/PL\/wp-json\/wp\/v2\/pages\/4791\/revisions\/6090"}],"up":[{"embeddable":true,"href":"https:\/\/atelierania.pl\/PL\/wp-json\/wp\/v2\/pages\/3"}],"wp:attachment":[{"href":"https:\/\/atelierania.pl\/PL\/wp-json\/wp\/v2\/media?parent=4791"}],"curies":[{"name":"wp","href":"https:\/\/api.w.org\/{rel}","templated":true}]}}