{"id":7389,"date":"2026-02-03T18:37:55","date_gmt":"2026-02-03T18:37:55","guid":{"rendered":"https:\/\/atelierania.pl\/PL\/?page_id=7389"},"modified":"2026-02-03T18:38:07","modified_gmt":"2026-02-03T18:38:07","slug":"formularz-skargi-dot-bezpieczenstwa-produktow","status":"publish","type":"page","link":"https:\/\/atelierania.pl\/PL\/formularz-skargi-dot-bezpieczenstwa-produktow\/","title":{"rendered":"FORMULARZ SKARGI DOT. BEZPIECZE\u0143STWA PRODUKT\u00d3W"},"content":{"rendered":"\n<p>Je\u017celi chce Pan \/ Pani z\u0142o\u017cy\u0107 skarg\u0119 zwi\u0105zan\u0105 z bezpiecze\u0144stwem towaru, mo\u017ce Pan \/ Pani pos\u0142u\u017cy\u0107 si\u0119 poni\u017cszym formularzem, przesy\u0142aj\u0105c go do nas poczt\u0105 tradycyjn\u0105 lub elektroniczn\u0105. W przypadku, gdy ma Pan \/ Pani dodatkowe dokumenty zwi\u0105zane z towarem (np. dokumentacj\u0119 fotograficzn\u0105), mo\u017ce Pan \/ Pani do\u0142\u0105czy\u0107 j\u0105 do niniejszego formularza.<\/p>\n\n\n\n<p><strong>ADRESAT (SPRZEDAWCA):<\/strong><\/p>\n\n\n\n<p>\u2026\u2026\u2026\u2026\u2026\u2026\u2026\u2026\u2026\u2026\u2026\u2026\u2026\u2026\u2026\u2026<\/p>\n\n\n\n<p>\u2026\u2026\u2026\u2026\u2026\u2026\u2026\u2026\u2026\u2026\u2026\u2026\u2026\u2026\u2026\u2026<\/p>\n\n\n\n<p>\u2026\u2026\u2026\u2026\u2026\u2026\u2026\u2026\u2026\u2026\u2026\u2026\u2026\u2026\u2026\u2026<\/p>\n\n\n\n<p><\/p>\n\n\n\n<p><strong>DANE KLIENTA:<\/strong><\/p>\n\n\n\n<p><em>(Obowi\u0105zkowe)<\/em><\/p>\n\n\n\n<p>Data zawarcia umowy \/ numer zam\u00f3wienia: &#8230;&#8230;&#8230;&#8230;&#8230;&#8230;&#8230;&#8230;&#8230;&#8230;&#8230;&#8230;&#8230;&#8230;&#8230;&#8230;&#8230;&#8230;&#8230;&#8230;&#8230;&#8230;&#8230;&#8230;&#8230;&#8230;&#8230;&#8230;&#8230;&#8230;&#8230;&#8230;.<\/p>\n\n\n\n<p>Imi\u0119 i nazwisko: &#8230;&#8230;&#8230;&#8230;&#8230;&#8230;&#8230;&#8230;&#8230;&#8230;&#8230;&#8230;&#8230;&#8230;&#8230;&#8230;&#8230;&#8230;&#8230;&#8230;&#8230;&#8230;&#8230;&#8230;&#8230;&#8230;&#8230;&#8230;&#8230;&#8230;&#8230;&#8230;&#8230;&#8230;&#8230;&#8230;&#8230;&#8230;&#8230;&#8230;&#8230;&#8230;&#8230;&#8230;&#8230;&#8230;&#8230;..<\/p>\n\n\n\n<p>Adres e-mail: &#8230;&#8230;&#8230;&#8230;&#8230;&#8230;&#8230;&#8230;&#8230;&#8230;&#8230;&#8230;&#8230;&#8230;&#8230;&#8230;&#8230;&#8230;&#8230;&#8230;&#8230;&#8230;&#8230;&#8230;&#8230;&#8230;&#8230;&#8230;&#8230;&#8230;&#8230;&#8230;&#8230;&#8230;&#8230;&#8230;&#8230;&#8230;&#8230;&#8230;&#8230;&#8230;&#8230;&#8230;&#8230;&#8230;&#8230;&#8230;&#8230;<\/p>\n\n\n\n<p><em>(Dobrowolne, kt\u00f3re jednak u\u0142atwi\u0105 nam komunikacj\u0119)<\/em><em><\/em><\/p>\n\n\n\n<p>Adres: &#8230;&#8230;&#8230;&#8230;&#8230;&#8230;&#8230;&#8230;&#8230;&#8230;&#8230;&#8230;&#8230;&#8230;&#8230;&#8230;&#8230;&#8230;&#8230;&#8230;&#8230;&#8230;&#8230;&#8230;&#8230;&#8230;&#8230;&#8230;&#8230;&#8230;&#8230;&#8230;&#8230;&#8230;&#8230;&#8230;&#8230;&#8230;&#8230;&#8230;&#8230;&#8230;&#8230;&#8230;&#8230;&#8230;&#8230;&#8230;&#8230;&#8230;&#8230;&#8230;.<\/p>\n\n\n\n<p>Numer telefonu: &#8230;&#8230;&#8230;&#8230;&#8230;&#8230;&#8230;&#8230;&#8230;&#8230;&#8230;&#8230;&#8230;&#8230;&#8230;&#8230;&#8230;&#8230;&#8230;&#8230;&#8230;&#8230;&#8230;&#8230;&#8230;&#8230;&#8230;&#8230;&#8230;&#8230;&#8230;&#8230;&#8230;&#8230;&#8230;&#8230;&#8230;&#8230;&#8230;&#8230;&#8230;&#8230;&#8230;&#8230;&#8230;&#8230;&#8230;<\/p>\n\n\n\n<p><strong>PRZEDMIOT SKARGI:<\/strong><\/p>\n\n\n\n<p>Towar: &#8230;&#8230;&#8230;&#8230;&#8230;&#8230;&#8230;&#8230;&#8230;&#8230;&#8230;&#8230;&#8230;&#8230;&#8230;&#8230;&#8230;&#8230;&#8230;&#8230;&#8230;&#8230;&#8230;&#8230;&#8230;&#8230;&#8230;&#8230;&#8230;&#8230;&#8230;&#8230;&#8230;&#8230;&#8230;&#8230;&#8230;&#8230;&#8230;&#8230;&#8230;&#8230;&#8230;&#8230;&#8230;&#8230;&#8230;&#8230;&#8230;&#8230;&#8230;&#8230;&#8230;<\/p>\n\n\n\n<p>Numer typu, partii, serii lub inny identyfikator: &#8230;&#8230;&#8230;&#8230;&#8230;&#8230;&#8230;&#8230;&#8230;&#8230;&#8230;&#8230;&#8230;&#8230;&#8230;&#8230;&#8230;&#8230;&#8230;&#8230;&#8230;&#8230;&#8230;&#8230;&#8230;&#8230;&#8230;&#8230;&#8230;&#8230;&#8230;..<\/p>\n\n\n\n<p><strong>TRE\u015a\u0106 SKARGI ZWI\u0104ZANEJ Z BEZPIECZE\u0143STWEM PRODUKTU<\/strong>:<\/p>\n\n\n\n<p>&#8230;&#8230;&#8230;&#8230;&#8230;&#8230;&#8230;&#8230;&#8230;&#8230;&#8230;&#8230;&#8230;&#8230;&#8230;&#8230;&#8230;&#8230;&#8230;&#8230;&#8230;&#8230;&#8230;&#8230;&#8230;&#8230;&#8230;&#8230;&#8230;&#8230;&#8230;&#8230;&#8230;&#8230;&#8230;&#8230;&#8230;&#8230;&#8230;&#8230;&#8230;&#8230;&#8230;&#8230;&#8230;&#8230;&#8230;&#8230;&#8230;&#8230;&#8230;&#8230;&#8230;&#8230;&#8230;&#8230;&#8230;<\/p>\n\n\n\n<p>&#8230;&#8230;&#8230;&#8230;&#8230;&#8230;&#8230;&#8230;&#8230;&#8230;&#8230;&#8230;&#8230;&#8230;&#8230;&#8230;&#8230;&#8230;&#8230;&#8230;&#8230;&#8230;&#8230;&#8230;&#8230;&#8230;&#8230;&#8230;&#8230;&#8230;&#8230;&#8230;&#8230;&#8230;&#8230;&#8230;&#8230;&#8230;&#8230;&#8230;&#8230;&#8230;&#8230;&#8230;&#8230;&#8230;&#8230;&#8230;&#8230;&#8230;&#8230;&#8230;&#8230;&#8230;&#8230;&#8230;&#8230;<\/p>\n\n\n\n<p>&#8230;&#8230;&#8230;&#8230;&#8230;&#8230;&#8230;&#8230;&#8230;&#8230;&#8230;&#8230;&#8230;&#8230;&#8230;&#8230;&#8230;&#8230;&#8230;&#8230;&#8230;&#8230;&#8230;&#8230;&#8230;&#8230;&#8230;&#8230;&#8230;&#8230;&#8230;&#8230;&#8230;&#8230;&#8230;&#8230;&#8230;&#8230;&#8230;&#8230;&#8230;&#8230;&#8230;&#8230;&#8230;&#8230;&#8230;&#8230;&#8230;&#8230;&#8230;&#8230;&#8230;&#8230;&#8230;&#8230;&#8230;<\/p>\n\n\n\n<p>&#8230;&#8230;&#8230;&#8230;&#8230;&#8230;&#8230;&#8230;&#8230;&#8230;&#8230;&#8230;&#8230;&#8230;&#8230;&#8230;&#8230;&#8230;&#8230;&#8230;&#8230;&#8230;&#8230;&#8230;&#8230;&#8230;&#8230;&#8230;&#8230;&#8230;&#8230;&#8230;&#8230;&#8230;&#8230;&#8230;&#8230;&#8230;&#8230;&#8230;&#8230;&#8230;&#8230;&#8230;&#8230;&#8230;&#8230;&#8230;&#8230;&#8230;&#8230;&#8230;&#8230;&#8230;&#8230;&#8230;..<\/p>\n\n\n\n<p>Kiedy problem z bezpiecze\u0144stwem produktu zosta\u0142 stwierdzony: &#8230;&#8230;&#8230;&#8230;&#8230;&#8230;&#8230;&#8230;&#8230;&#8230;&#8230;&#8230;&#8230;&#8230;&#8230;&#8230;&#8230;&#8230;&#8230;&#8230;&#8230;.<\/p>\n\n\n\n<p><strong>\u017b\u0104DANIE SKAR\u017b\u0104CEGO:<\/strong><\/p>\n\n\n\n<p>&#8230;&#8230;&#8230;&#8230;&#8230;&#8230;&#8230;&#8230;&#8230;&#8230;&#8230;&#8230;&#8230;&#8230;&#8230;&#8230;&#8230;&#8230;&#8230;&#8230;&#8230;&#8230;&#8230;&#8230;&#8230;&#8230;&#8230;&#8230;&#8230;&#8230;&#8230;&#8230;&#8230;&#8230;&#8230;&#8230;&#8230;&#8230;&#8230;&#8230;&#8230;&#8230;&#8230;&#8230;&#8230;&#8230;&#8230;&#8230;&#8230;&#8230;&#8230;&#8230;&#8230;&#8230;&#8230;&#8230;&#8230;.<\/p>\n\n\n\n<p>&#8230;&#8230;&#8230;&#8230;&#8230;&#8230;&#8230;&#8230;&#8230;&#8230;&#8230;&#8230;&#8230;&#8230;&#8230;&#8230;&#8230;&#8230;&#8230;&#8230;&#8230;&#8230;&#8230;&#8230;&#8230;&#8230;&#8230;&#8230;&#8230;&#8230;&#8230;&#8230;&#8230;&#8230;&#8230;&#8230;&#8230;&#8230;&#8230;&#8230;&#8230;&#8230;&#8230;&#8230;&#8230;&#8230;&#8230;&#8230;&#8230;&#8230;&#8230;&#8230;&#8230;&#8230;&#8230;&#8230;&#8230;.<\/p>\n\n\n\n<p>\u00a0\u00a0\u00a0\u00a0\u00a0&#8230;&#8230;&#8230;&#8230;&#8230;&#8230;&#8230;&#8230;&#8230;..                                  &#8230;&#8230;&#8230;&#8230;&#8230;&#8230;&#8230;&#8230;&#8230;&#8230;&#8230;&#8230;&#8230;&#8230;&#8230;&#8230;&#8230;&#8230;&#8230;&#8230;&#8230;&#8230;&#8230;&#8230;&#8230;&#8230;&#8230;&#8230;&#8230;&#8230;&#8230;&#8230;&#8230;&#8230;&#8230;&#8230;.<\/p>\n\n\n\n<p>&nbsp;&nbsp;&nbsp;&nbsp;&nbsp;&nbsp;&nbsp;&nbsp;data wype\u0142nienia &nbsp; &nbsp; &nbsp; &nbsp; &nbsp; &nbsp; &nbsp; &nbsp; &nbsp; &nbsp; podpis (je\u017celi formularz przesy\u0142any jest formie papierowej lub skanu)<\/p>\n\n\n\n<p><strong>Informacje na temat przetwarzania danych osobowych<\/strong><\/p>\n\n\n\n<p><em>Administratorem danych osobowych podanych w formularzu jest adresat skargi. Dane przetwarzane s\u0105 w celu przyj\u0119cia i rozpatrzenia skargi zwi\u0105zanej z bezpiecze\u0144stwem produktu, co stanowi wykonanie obowi\u0105zku prawnego zgodnie z art. 6 ust. 1 lit. c RODO w zw. z w\u0142a\u015bciwymi przepisami prawa dotycz\u0105cymi odpowiedzialno\u015bci sprzedawcy za bezpiecze\u0144stwo produkt\u00f3w. Je\u017celi w wyniku skargi dojdzie do odzyskania zakupionego produktu i zwrotu ceny zap\u0142aconej przez kupuj\u0105cego, skarga zostanie w\u0142\u0105czona do dokumentacji ksi\u0119gowej i b\u0119dzie przechowywana razem z ni\u0105 przez okres wymagany przez przepisy prawa. Ponadto skarga b\u0119dzie przechowywana do czasu up\u0142ywu terminu przedawnienia roszcze\u0144 zwi\u0105zanych z towarem, kt\u00f3rego dotyczy skarga. W zwi\u0105zku ze zg\u0142oszeniem skargi dotycz\u0105cej bezpiecze\u0144stwa produkt\u00f3w dane mog\u0105 by\u0107 przetwarzane przez podmioty zewn\u0119trzne zaanga\u017cowane w obs\u0142ug\u0119 tego procesu, takie jak firmy kurierskie, operatorzy pocztowi, banki, hostingodawca, dostawca systemu CRM, biuro rachunkowe. Sprzedawca mo\u017ce tak\u017ce udost\u0119pni\u0107 dane podmiotom wskazanym w rozporz\u0105dzeniu o og\u00f3lnym bezpiecze\u0144stwie produkt\u00f3w, w tym producentom, importerom i organom nadzoru rynku. Uprawnienia zwi\u0105zane z przetwarzaniem danych: prawo do \u017c\u0105dania dost\u0119pu do danych, ich sprostowania, usuni\u0119cia lub ograniczenia przetwarzania, jak r\u00f3wnie\u017c prawo do sprzeciwu wobec przetwarzania danych osobowych oraz prawo do z\u0142o\u017cenia skargi do Prezesa Urz\u0119du Ochrony Danych Osobowych. W sprawach zwi\u0105zanych z ochron\u0105 danych osobowych prosimy o indywidualny kontakt. Podanie danych jest dobrowolne, ale niezb\u0119dne do z\u0142o\u017cenia i rozpatrzenia skargi.<\/em><\/p>\n","protected":false},"excerpt":{"rendered":"<p>Je\u017celi chce Pan \/ Pani z\u0142o\u017cy\u0107 skarg\u0119 zwi\u0105zan\u0105 z bezpiecze\u0144stwem towaru, mo\u017ce Pan \/ Pani pos\u0142u\u017cy\u0107 si\u0119 poni\u017cszym formularzem, przesy\u0142aj\u0105c go do nas poczt\u0105 tradycyjn\u0105 lub elektroniczn\u0105. W przypadku, gdy ma Pan \/ Pani dodatkowe dokumenty zwi\u0105zane z towarem (np. dokumentacj\u0119 fotograficzn\u0105), mo\u017ce Pan \/ Pani do\u0142\u0105czy\u0107 j\u0105 do niniejszego formularza. ADRESAT (SPRZEDAWCA): \u2026\u2026\u2026\u2026\u2026\u2026\u2026\u2026\u2026\u2026\u2026\u2026\u2026\u2026\u2026\u2026 \u2026\u2026\u2026\u2026\u2026\u2026\u2026\u2026\u2026\u2026\u2026\u2026\u2026\u2026\u2026\u2026&hellip; <\/p>\n","protected":false},"author":1,"featured_media":0,"parent":0,"menu_order":0,"comment_status":"closed","ping_status":"closed","template":"","meta":{"footnotes":""},"class_list":["post-7389","page","type-page","status-publish","hentry"],"yoast_head":"<!-- This site is optimized with the Yoast SEO plugin v27.4 - https:\/\/yoast.com\/product\/yoast-seo-wordpress\/ -->\n<title>FORMULARZ SKARGI DOT. BEZPIECZE\u0143STWA PRODUKT\u00d3W - Atelier Ania<\/title>\n<meta name=\"robots\" content=\"index, follow, max-snippet:-1, max-image-preview:large, max-video-preview:-1\" \/>\n<link rel=\"canonical\" href=\"https:\/\/atelierania.pl\/PL\/formularz-skargi-dot-bezpieczenstwa-produktow\/\" \/>\n<meta property=\"og:locale\" content=\"pl_PL\" \/>\n<meta property=\"og:type\" content=\"article\" \/>\n<meta property=\"og:title\" content=\"FORMULARZ SKARGI DOT. BEZPIECZE\u0143STWA PRODUKT\u00d3W - Atelier Ania\" \/>\n<meta property=\"og:description\" content=\"Je\u017celi chce Pan \/ Pani z\u0142o\u017cy\u0107 skarg\u0119 zwi\u0105zan\u0105 z bezpiecze\u0144stwem towaru, mo\u017ce Pan \/ Pani pos\u0142u\u017cy\u0107 si\u0119 poni\u017cszym formularzem, przesy\u0142aj\u0105c go do nas poczt\u0105 tradycyjn\u0105 lub elektroniczn\u0105. W przypadku, gdy ma Pan \/ Pani dodatkowe dokumenty zwi\u0105zane z towarem (np. dokumentacj\u0119 fotograficzn\u0105), mo\u017ce Pan \/ Pani do\u0142\u0105czy\u0107 j\u0105 do niniejszego formularza. ADRESAT (SPRZEDAWCA): \u2026\u2026\u2026\u2026\u2026\u2026\u2026\u2026\u2026\u2026\u2026\u2026\u2026\u2026\u2026\u2026 \u2026\u2026\u2026\u2026\u2026\u2026\u2026\u2026\u2026\u2026\u2026\u2026\u2026\u2026\u2026\u2026&hellip;\" \/>\n<meta property=\"og:url\" content=\"https:\/\/atelierania.pl\/PL\/formularz-skargi-dot-bezpieczenstwa-produktow\/\" \/>\n<meta property=\"og:site_name\" content=\"Atelier Ania\" \/>\n<meta property=\"article:modified_time\" content=\"2026-02-03T18:38:07+00:00\" \/>\n<meta name=\"twitter:card\" content=\"summary_large_image\" \/>\n<meta name=\"twitter:label1\" content=\"Szacowany czas czytania\" \/>\n\t<meta name=\"twitter:data1\" content=\"2 minuty\" \/>\n<script type=\"application\/ld+json\" class=\"yoast-schema-graph\">{\"@context\":\"https:\\\/\\\/schema.org\",\"@graph\":[{\"@type\":\"WebPage\",\"@id\":\"https:\\\/\\\/atelierania.pl\\\/PL\\\/formularz-skargi-dot-bezpieczenstwa-produktow\\\/\",\"url\":\"https:\\\/\\\/atelierania.pl\\\/PL\\\/formularz-skargi-dot-bezpieczenstwa-produktow\\\/\",\"name\":\"FORMULARZ SKARGI DOT. BEZPIECZE\u0143STWA PRODUKT\u00d3W - Atelier Ania\",\"isPartOf\":{\"@id\":\"https:\\\/\\\/atelierania.pl\\\/PL\\\/#website\"},\"datePublished\":\"2026-02-03T18:37:55+00:00\",\"dateModified\":\"2026-02-03T18:38:07+00:00\",\"breadcrumb\":{\"@id\":\"https:\\\/\\\/atelierania.pl\\\/PL\\\/formularz-skargi-dot-bezpieczenstwa-produktow\\\/#breadcrumb\"},\"inLanguage\":\"pl-PL\",\"potentialAction\":[{\"@type\":\"ReadAction\",\"target\":[\"https:\\\/\\\/atelierania.pl\\\/PL\\\/formularz-skargi-dot-bezpieczenstwa-produktow\\\/\"]}]},{\"@type\":\"BreadcrumbList\",\"@id\":\"https:\\\/\\\/atelierania.pl\\\/PL\\\/formularz-skargi-dot-bezpieczenstwa-produktow\\\/#breadcrumb\",\"itemListElement\":[{\"@type\":\"ListItem\",\"position\":1,\"name\":\"Strona g\u0142\u00f3wna\",\"item\":\"https:\\\/\\\/atelierania.pl\\\/PL\\\/\"},{\"@type\":\"ListItem\",\"position\":2,\"name\":\"FORMULARZ SKARGI DOT. BEZPIECZE\u0143STWA PRODUKT\u00d3W\"}]},{\"@type\":\"WebSite\",\"@id\":\"https:\\\/\\\/atelierania.pl\\\/PL\\\/#website\",\"url\":\"https:\\\/\\\/atelierania.pl\\\/PL\\\/\",\"name\":\"Atelier Ania\",\"description\":\"\",\"publisher\":{\"@id\":\"https:\\\/\\\/atelierania.pl\\\/PL\\\/#organization\"},\"potentialAction\":[{\"@type\":\"SearchAction\",\"target\":{\"@type\":\"EntryPoint\",\"urlTemplate\":\"https:\\\/\\\/atelierania.pl\\\/PL\\\/?s={search_term_string}\"},\"query-input\":{\"@type\":\"PropertyValueSpecification\",\"valueRequired\":true,\"valueName\":\"search_term_string\"}}],\"inLanguage\":\"pl-PL\"},{\"@type\":\"Organization\",\"@id\":\"https:\\\/\\\/atelierania.pl\\\/PL\\\/#organization\",\"name\":\"Atelier Ania\",\"url\":\"https:\\\/\\\/atelierania.pl\\\/PL\\\/\",\"logo\":{\"@type\":\"ImageObject\",\"inLanguage\":\"pl-PL\",\"@id\":\"https:\\\/\\\/atelierania.pl\\\/PL\\\/#\\\/schema\\\/logo\\\/image\\\/\",\"url\":\"https:\\\/\\\/atelierania.pl\\\/PL\\\/wp-content\\\/uploads\\\/2023\\\/03\\\/logo_f.jpg\",\"contentUrl\":\"https:\\\/\\\/atelierania.pl\\\/PL\\\/wp-content\\\/uploads\\\/2023\\\/03\\\/logo_f.jpg\",\"width\":51,\"height\":51,\"caption\":\"Atelier Ania\"},\"image\":{\"@id\":\"https:\\\/\\\/atelierania.pl\\\/PL\\\/#\\\/schema\\\/logo\\\/image\\\/\"}}]}<\/script>\n<!-- \/ Yoast SEO plugin. -->","yoast_head_json":{"title":"FORMULARZ SKARGI DOT. BEZPIECZE\u0143STWA PRODUKT\u00d3W - Atelier Ania","robots":{"index":"index","follow":"follow","max-snippet":"max-snippet:-1","max-image-preview":"max-image-preview:large","max-video-preview":"max-video-preview:-1"},"canonical":"https:\/\/atelierania.pl\/PL\/formularz-skargi-dot-bezpieczenstwa-produktow\/","og_locale":"pl_PL","og_type":"article","og_title":"FORMULARZ SKARGI DOT. BEZPIECZE\u0143STWA PRODUKT\u00d3W - Atelier Ania","og_description":"Je\u017celi chce Pan \/ Pani z\u0142o\u017cy\u0107 skarg\u0119 zwi\u0105zan\u0105 z bezpiecze\u0144stwem towaru, mo\u017ce Pan \/ Pani pos\u0142u\u017cy\u0107 si\u0119 poni\u017cszym formularzem, przesy\u0142aj\u0105c go do nas poczt\u0105 tradycyjn\u0105 lub elektroniczn\u0105. W przypadku, gdy ma Pan \/ Pani dodatkowe dokumenty zwi\u0105zane z towarem (np. dokumentacj\u0119 fotograficzn\u0105), mo\u017ce Pan \/ Pani do\u0142\u0105czy\u0107 j\u0105 do niniejszego formularza. ADRESAT (SPRZEDAWCA): \u2026\u2026\u2026\u2026\u2026\u2026\u2026\u2026\u2026\u2026\u2026\u2026\u2026\u2026\u2026\u2026 \u2026\u2026\u2026\u2026\u2026\u2026\u2026\u2026\u2026\u2026\u2026\u2026\u2026\u2026\u2026\u2026&hellip;","og_url":"https:\/\/atelierania.pl\/PL\/formularz-skargi-dot-bezpieczenstwa-produktow\/","og_site_name":"Atelier Ania","article_modified_time":"2026-02-03T18:38:07+00:00","twitter_card":"summary_large_image","twitter_misc":{"Szacowany czas czytania":"2 minuty"},"schema":{"@context":"https:\/\/schema.org","@graph":[{"@type":"WebPage","@id":"https:\/\/atelierania.pl\/PL\/formularz-skargi-dot-bezpieczenstwa-produktow\/","url":"https:\/\/atelierania.pl\/PL\/formularz-skargi-dot-bezpieczenstwa-produktow\/","name":"FORMULARZ SKARGI DOT. BEZPIECZE\u0143STWA PRODUKT\u00d3W - Atelier Ania","isPartOf":{"@id":"https:\/\/atelierania.pl\/PL\/#website"},"datePublished":"2026-02-03T18:37:55+00:00","dateModified":"2026-02-03T18:38:07+00:00","breadcrumb":{"@id":"https:\/\/atelierania.pl\/PL\/formularz-skargi-dot-bezpieczenstwa-produktow\/#breadcrumb"},"inLanguage":"pl-PL","potentialAction":[{"@type":"ReadAction","target":["https:\/\/atelierania.pl\/PL\/formularz-skargi-dot-bezpieczenstwa-produktow\/"]}]},{"@type":"BreadcrumbList","@id":"https:\/\/atelierania.pl\/PL\/formularz-skargi-dot-bezpieczenstwa-produktow\/#breadcrumb","itemListElement":[{"@type":"ListItem","position":1,"name":"Strona g\u0142\u00f3wna","item":"https:\/\/atelierania.pl\/PL\/"},{"@type":"ListItem","position":2,"name":"FORMULARZ SKARGI DOT. BEZPIECZE\u0143STWA PRODUKT\u00d3W"}]},{"@type":"WebSite","@id":"https:\/\/atelierania.pl\/PL\/#website","url":"https:\/\/atelierania.pl\/PL\/","name":"Atelier Ania","description":"","publisher":{"@id":"https:\/\/atelierania.pl\/PL\/#organization"},"potentialAction":[{"@type":"SearchAction","target":{"@type":"EntryPoint","urlTemplate":"https:\/\/atelierania.pl\/PL\/?s={search_term_string}"},"query-input":{"@type":"PropertyValueSpecification","valueRequired":true,"valueName":"search_term_string"}}],"inLanguage":"pl-PL"},{"@type":"Organization","@id":"https:\/\/atelierania.pl\/PL\/#organization","name":"Atelier Ania","url":"https:\/\/atelierania.pl\/PL\/","logo":{"@type":"ImageObject","inLanguage":"pl-PL","@id":"https:\/\/atelierania.pl\/PL\/#\/schema\/logo\/image\/","url":"https:\/\/atelierania.pl\/PL\/wp-content\/uploads\/2023\/03\/logo_f.jpg","contentUrl":"https:\/\/atelierania.pl\/PL\/wp-content\/uploads\/2023\/03\/logo_f.jpg","width":51,"height":51,"caption":"Atelier Ania"},"image":{"@id":"https:\/\/atelierania.pl\/PL\/#\/schema\/logo\/image\/"}}]}},"_links":{"self":[{"href":"https:\/\/atelierania.pl\/PL\/wp-json\/wp\/v2\/pages\/7389","targetHints":{"allow":["GET"]}}],"collection":[{"href":"https:\/\/atelierania.pl\/PL\/wp-json\/wp\/v2\/pages"}],"about":[{"href":"https:\/\/atelierania.pl\/PL\/wp-json\/wp\/v2\/types\/page"}],"author":[{"embeddable":true,"href":"https:\/\/atelierania.pl\/PL\/wp-json\/wp\/v2\/users\/1"}],"replies":[{"embeddable":true,"href":"https:\/\/atelierania.pl\/PL\/wp-json\/wp\/v2\/comments?post=7389"}],"version-history":[{"count":1,"href":"https:\/\/atelierania.pl\/PL\/wp-json\/wp\/v2\/pages\/7389\/revisions"}],"predecessor-version":[{"id":7392,"href":"https:\/\/atelierania.pl\/PL\/wp-json\/wp\/v2\/pages\/7389\/revisions\/7392"}],"wp:attachment":[{"href":"https:\/\/atelierania.pl\/PL\/wp-json\/wp\/v2\/media?parent=7389"}],"curies":[{"name":"wp","href":"https:\/\/api.w.org\/{rel}","templated":true}]}}