{"id":5081,"date":"2023-02-05T12:06:34","date_gmt":"2023-02-05T12:06:34","guid":{"rendered":"https:\/\/atelierania.pl\/PL\/?post_type=product&#038;p=5081"},"modified":"2025-10-06T09:53:07","modified_gmt":"2025-10-06T09:53:07","slug":"dekoracja-winorosl","status":"publish","type":"product","link":"https:\/\/atelierania.pl\/PL\/galeria\/dekoracja-winorosl\/","title":{"rendered":"Mozaika Winoro\u015bl"},"content":{"rendered":"\t\t<div data-elementor-type=\"wp-post\" data-elementor-id=\"5081\" class=\"elementor elementor-5081\">\n\t\t\t\t\t\t<section class=\"elementor-section elementor-top-section elementor-element elementor-element-b4e233a elementor-section-boxed elementor-section-height-default elementor-section-height-default\" data-id=\"b4e233a\" data-element_type=\"section\" data-e-type=\"section\">\n\t\t\t\t\t\t<div class=\"elementor-container elementor-column-gap-default\">\n\t\t\t\t\t<div class=\"elementor-column elementor-col-100 elementor-top-column elementor-element elementor-element-a316169\" data-id=\"a316169\" data-element_type=\"column\" data-e-type=\"column\">\n\t\t\t<div class=\"elementor-widget-wrap elementor-element-populated\">\n\t\t\t\t\t\t<div class=\"elementor-element elementor-element-3eea2e8 gallery-spacing-custom elementor-widget elementor-widget-image-gallery\" data-id=\"3eea2e8\" data-element_type=\"widget\" data-e-type=\"widget\" data-widget_type=\"image-gallery.default\">\n\t\t\t\t<div class=\"elementor-widget-container\">\n\t\t\t\t\t\t\t<div class=\"elementor-image-gallery\">\n\t\t\t<div id='gallery-1' class='gallery galleryid-5081 gallery-columns-2 gallery-size-large'><figure class='gallery-item'>\n\t\t\t<div class='gallery-icon landscape'>\n\t\t\t\t<img fetchpriority=\"high\" decoding=\"async\" width=\"730\" height=\"730\" src=\"https:\/\/atelierania.pl\/PL\/wp-content\/uploads\/2025\/02\/czerwona_2-2-1024x1024.png\" class=\"attachment-large size-large\" alt=\"mozaika dekoracyjna ceramiczna winoro\u015bl 2\" srcset=\"https:\/\/atelierania.pl\/PL\/wp-content\/uploads\/2025\/02\/czerwona_2-2-1024x1024.png 1024w, https:\/\/atelierania.pl\/PL\/wp-content\/uploads\/2025\/02\/czerwona_2-2-300x300.png 300w, https:\/\/atelierania.pl\/PL\/wp-content\/uploads\/2025\/02\/czerwona_2-2-150x150.png 150w, https:\/\/atelierania.pl\/PL\/wp-content\/uploads\/2025\/02\/czerwona_2-2-768x768.png 768w, https:\/\/atelierania.pl\/PL\/wp-content\/uploads\/2025\/02\/czerwona_2-2-600x600.png 600w, https:\/\/atelierania.pl\/PL\/wp-content\/uploads\/2025\/02\/czerwona_2-2-100x100.png 100w, https:\/\/atelierania.pl\/PL\/wp-content\/uploads\/2025\/02\/czerwona_2-2.png 1080w\" sizes=\"(max-width: 730px) 100vw, 730px\" \/>\n\t\t\t<\/div><\/figure><figure class='gallery-item'>\n\t\t\t<div class='gallery-icon landscape'>\n\t\t\t\t<img decoding=\"async\" width=\"730\" height=\"730\" src=\"https:\/\/atelierania.pl\/PL\/wp-content\/uploads\/2025\/02\/5-1024x1024.png\" class=\"attachment-large size-large\" alt=\"mozaika ceramiczna winorosl dekoracja\" srcset=\"https:\/\/atelierania.pl\/PL\/wp-content\/uploads\/2025\/02\/5-1024x1024.png 1024w, https:\/\/atelierania.pl\/PL\/wp-content\/uploads\/2025\/02\/5-300x300.png 300w, https:\/\/atelierania.pl\/PL\/wp-content\/uploads\/2025\/02\/5-150x150.png 150w, https:\/\/atelierania.pl\/PL\/wp-content\/uploads\/2025\/02\/5-768x768.png 768w, https:\/\/atelierania.pl\/PL\/wp-content\/uploads\/2025\/02\/5-600x600.png 600w, https:\/\/atelierania.pl\/PL\/wp-content\/uploads\/2025\/02\/5-100x100.png 100w, https:\/\/atelierania.pl\/PL\/wp-content\/uploads\/2025\/02\/5.png 1080w\" sizes=\"(max-width: 730px) 100vw, 730px\" \/>\n\t\t\t<\/div><\/figure><figure class='gallery-item'>\n\t\t\t<div class='gallery-icon landscape'>\n\t\t\t\t<img decoding=\"async\" width=\"730\" height=\"730\" src=\"https:\/\/atelierania.pl\/PL\/wp-content\/uploads\/2025\/02\/6-1024x1024.png\" class=\"attachment-large size-large\" alt=\"mozaika dekoracyjna ceramiczna winoro\u015bl\" srcset=\"https:\/\/atelierania.pl\/PL\/wp-content\/uploads\/2025\/02\/6-1024x1024.png 1024w, https:\/\/atelierania.pl\/PL\/wp-content\/uploads\/2025\/02\/6-300x300.png 300w, https:\/\/atelierania.pl\/PL\/wp-content\/uploads\/2025\/02\/6-150x150.png 150w, https:\/\/atelierania.pl\/PL\/wp-content\/uploads\/2025\/02\/6-768x768.png 768w, https:\/\/atelierania.pl\/PL\/wp-content\/uploads\/2025\/02\/6-600x600.png 600w, https:\/\/atelierania.pl\/PL\/wp-content\/uploads\/2025\/02\/6-100x100.png 100w, https:\/\/atelierania.pl\/PL\/wp-content\/uploads\/2025\/02\/6.png 1080w\" sizes=\"(max-width: 730px) 100vw, 730px\" \/>\n\t\t\t<\/div><\/figure><figure class='gallery-item'>\n\t\t\t<div class='gallery-icon landscape'>\n\t\t\t\t<img loading=\"lazy\" decoding=\"async\" width=\"730\" height=\"730\" src=\"https:\/\/atelierania.pl\/PL\/wp-content\/uploads\/2025\/02\/czerwona_1-2-1024x1024.png\" class=\"attachment-large size-large\" alt=\"mozaika dekoracyjna ceramiczna winoro\u015bl 1\" srcset=\"https:\/\/atelierania.pl\/PL\/wp-content\/uploads\/2025\/02\/czerwona_1-2-1024x1024.png 1024w, https:\/\/atelierania.pl\/PL\/wp-content\/uploads\/2025\/02\/czerwona_1-2-300x300.png 300w, https:\/\/atelierania.pl\/PL\/wp-content\/uploads\/2025\/02\/czerwona_1-2-150x150.png 150w, https:\/\/atelierania.pl\/PL\/wp-content\/uploads\/2025\/02\/czerwona_1-2-768x768.png 768w, https:\/\/atelierania.pl\/PL\/wp-content\/uploads\/2025\/02\/czerwona_1-2-600x600.png 600w, https:\/\/atelierania.pl\/PL\/wp-content\/uploads\/2025\/02\/czerwona_1-2-100x100.png 100w, https:\/\/atelierania.pl\/PL\/wp-content\/uploads\/2025\/02\/czerwona_1-2.png 1080w\" sizes=\"(max-width: 730px) 100vw, 730px\" \/>\n\t\t\t<\/div><\/figure>\n\t\t<\/div>\n\t\t<\/div>\n\t\t\t\t\t\t<\/div>\n\t\t\t\t<\/div>\n\t\t\t\t\t<\/div>\n\t\t<\/div>\n\t\t\t\t\t<\/div>\n\t\t<\/section>\n\t\t\t\t<section class=\"elementor-section elementor-top-section elementor-element elementor-element-d04d5d elementor-section-boxed elementor-section-height-default elementor-section-height-default\" data-id=\"d04d5d\" data-element_type=\"section\" data-e-type=\"section\">\n\t\t\t\t\t\t<div class=\"elementor-container elementor-column-gap-default\">\n\t\t\t\t\t<div class=\"elementor-column elementor-col-100 elementor-top-column elementor-element elementor-element-e348fc8\" data-id=\"e348fc8\" data-element_type=\"column\" data-e-type=\"column\">\n\t\t\t<div class=\"elementor-widget-wrap elementor-element-populated\">\n\t\t\t\t\t\t<div class=\"elementor-element elementor-element-32f535f9 elementor-widget elementor-widget-text-editor\" data-id=\"32f535f9\" data-element_type=\"widget\" data-e-type=\"widget\" data-widget_type=\"text-editor.default\">\n\t\t\t\t<div class=\"elementor-widget-container\">\n\t\t\t\t\t\t\t\t\t\n<h2 class=\"wp-block-heading\">Przedstawienie mozaiki:<\/h2>\n\n<p>Przy tworzeniu tej mozaiki ceramicznej zainspirowa\u0142am si\u0119 winnic\u0105 powstaj\u0105c\u0105 na p\u00f3\u0142noc od Wroc\u0142awia i zdj\u0119ciami staro\u017cytnych przedstawie\u0144 rzymskich winnic. No wiadomo, \u017ce moje wspomnienia z wakacyjnych podr\u00f3\u017cy te\u017c tu za\u0142\u0105czy\u0142am&#8230;<\/p>\n\n<h2 class=\"wp-block-heading\">Technika wykonania:<\/h2>\n\n<p>mozaika ceramiczna, glina bia\u0142a, szkliwiona, obstalowana na sklejce grubo\u015bci ok. 6 mm zabezpieczonej lakierobejc\u0105 w kolorze ciemnego orzecha, bez uchwytu do zawieszenia na \u015bcianie &#8211; mozaika ma zastosowanie jako podk\u0142adka pod naczynia na mi\u0119kkich powierzchniach:<\/p>\n\n<h2 class=\"wp-block-heading\">Autor projektu i wykonanie:<\/h2>\n\n<p>Anna M\u0105dra<\/p>\n\n<h2 class=\"wp-block-heading\">Wymiary:<\/h2>\n\n<p>wysoko\u015b\u0107 x szeroko\u015b\u0107 x grubo\u015b\u0107: (ca) 40 x 28 x 1.6cm<\/p>\n\n<h2 class=\"wp-block-heading\">Jak powstaje mozaika ceramiczna:<\/h2>\n\n<p>Wed\u0142ug Encyklopedii PWN mozaika to \u201eobraz lub dekoracyjny wz\u00f3r wykonany z drobnych kawa\u0142k\u00f3w kolorowych kamieni, szk\u0142a itp., s\u0142u\u017c\u0105cych jako ozdoba sklepie\u0144, posadzek itp.; te\u017c: kolorowe kawa\u0142ki kamieni, szk\u0142a itp., u\u017cywane do uk\u0142adania takich obraz\u00f3w lub wzor\u00f3w\u201d.<\/p>\n\n<p>Mozaika przedstawiona w tym wpisie powsta\u0142a podczas d\u0142ugotrwa\u0142ego, wieloetapowego procesu. Pocz\u0105tek stanowi projekt w postaci szczeg\u00f3\u0142owego rysunku z opracowaniem barwnym. Dalej nast\u0119puje precyzyjne wycinanie element\u00f3w w plastrze gliny, kilkutygodniowe suszenie i co najmniej dwukrotny wypa\u0142 w piecu w temperaturze przekraczaj\u0105cej 1000<sup>O<\/sup>C. Barwienie takiej mozaiki to te\u017c proces d\u0142ugotrwa\u0142y i trudny ze wzgl\u0119du na charakter szkliw tutaj u\u017cywanych . Precyzyjna uk\u0142adanka ceramicznych element\u00f3w sk\u0142adana jest w ostateczn\u0105 ca\u0142o\u015b\u0107 po wielu tygodniach i etapach dopracowywania szczeg\u00f3\u0142\u00f3w. Wi\u0119cej na ten temat zamie\u015bci\u0142am <a href=\"https:\/\/atelierania.pl\/PL\/jak-powstaje-mozaika-ceramiczna\/\">w tym wpisie<\/a>.<\/p>\n\n<p>\u00a0<\/p>\n\n<p>\u00a0<\/p>\n<!-- \/wp:paragraph -->\t\t\t\t\t\t\t\t<\/div>\n\t\t\t\t<\/div>\n\t\t\t\t\t<\/div>\n\t\t<\/div>\n\t\t\t\t\t<\/div>\n\t\t<\/section>\n\t\t\t\t<\/div>\n\t\t","protected":false},"excerpt":{"rendered":"<p>Przedstawienie mozaiki: Przy tworzeniu tej mozaiki ceramicznej zainspirowa\u0142am si\u0119 winnic\u0105 powstaj\u0105c\u0105 na p\u00f3\u0142noc od Wroc\u0142awia i zdj\u0119ciami staro\u017cytnych przedstawie\u0144 rzymskich winnic. No wiadomo, \u017ce moje wspomnienia z wakacyjnych podr\u00f3\u017cy te\u017c tu za\u0142\u0105czy\u0142am&#8230; Technika wykonania: mozaika ceramiczna, glina bia\u0142a, szkliwiona, obstalowana na sklejce grubo\u015bci ok. 6 mm zabezpieczonej lakierobejc\u0105 w kolorze ciemnego orzecha, bez uchwytu do&hellip; <\/p>\n","protected":false},"featured_media":7079,"template":"","meta":[],"product_brand":[],"product_cat":[66],"product_tag":[76,116],"class_list":{"0":"post-5081","1":"product","2":"type-product","3":"status-publish","4":"has-post-thumbnail","6":"product_cat-ceramika-od-artysty","7":"product_tag-mozaika","8":"product_tag-obraz-ceramiczny","10":"first","11":"onbackorder","12":"product-type-simple"},"yoast_head":"<!-- This site is optimized with the Yoast SEO plugin v27.4 - https:\/\/yoast.com\/product\/yoast-seo-wordpress\/ -->\n<title>Mozaika Winoro\u015bl - Atelier Ania<\/title>\n<meta name=\"description\" content=\"Mozaika ceramiczna Winoro\u015bl - do powieszenia lub zastosowania jako podk\u0142adka, wymiary ca 40x32cm. Motyw zainspirowany polskimi winnicami.\" \/>\n<meta name=\"robots\" content=\"index, follow, max-snippet:-1, max-image-preview:large, max-video-preview:-1\" \/>\n<link rel=\"canonical\" href=\"https:\/\/atelierania.pl\/PL\/galeria\/dekoracja-winorosl\/\" \/>\n<meta property=\"og:locale\" content=\"pl_PL\" \/>\n<meta property=\"og:type\" content=\"article\" \/>\n<meta property=\"og:title\" content=\"Mozaika Winoro\u015bl - Atelier Ania\" \/>\n<meta property=\"og:description\" content=\"Mozaika ceramiczna Winoro\u015bl - do powieszenia lub zastosowania jako podk\u0142adka, wymiary ca 40x32cm. Motyw zainspirowany polskimi winnicami.\" \/>\n<meta property=\"og:url\" content=\"https:\/\/atelierania.pl\/PL\/galeria\/dekoracja-winorosl\/\" \/>\n<meta property=\"og:site_name\" content=\"Atelier Ania\" \/>\n<meta property=\"article:modified_time\" content=\"2025-10-06T09:53:07+00:00\" \/>\n<meta property=\"og:image\" content=\"https:\/\/atelierania.pl\/PL\/wp-content\/uploads\/2023\/02\/czerwona_sold.png\" \/>\n\t<meta property=\"og:image:width\" content=\"1080\" \/>\n\t<meta property=\"og:image:height\" content=\"1080\" \/>\n\t<meta property=\"og:image:type\" content=\"image\/png\" \/>\n<meta name=\"twitter:card\" content=\"summary_large_image\" \/>\n<meta name=\"twitter:label1\" content=\"Szacowany czas czytania\" \/>\n\t<meta name=\"twitter:data1\" content=\"3 minuty\" \/>\n<script type=\"application\/ld+json\" class=\"yoast-schema-graph\">{\"@context\":\"https:\\\/\\\/schema.org\",\"@graph\":[{\"@type\":\"WebPage\",\"@id\":\"https:\\\/\\\/atelierania.pl\\\/PL\\\/galeria\\\/dekoracja-winorosl\\\/\",\"url\":\"https:\\\/\\\/atelierania.pl\\\/PL\\\/galeria\\\/dekoracja-winorosl\\\/\",\"name\":\"Mozaika Winoro\u015bl - Atelier Ania\",\"isPartOf\":{\"@id\":\"https:\\\/\\\/atelierania.pl\\\/PL\\\/#website\"},\"primaryImageOfPage\":{\"@id\":\"https:\\\/\\\/atelierania.pl\\\/PL\\\/galeria\\\/dekoracja-winorosl\\\/#primaryimage\"},\"image\":{\"@id\":\"https:\\\/\\\/atelierania.pl\\\/PL\\\/galeria\\\/dekoracja-winorosl\\\/#primaryimage\"},\"thumbnailUrl\":\"https:\\\/\\\/atelierania.pl\\\/PL\\\/wp-content\\\/uploads\\\/2023\\\/02\\\/czerwona_sold.png\",\"datePublished\":\"2023-02-05T12:06:34+00:00\",\"dateModified\":\"2025-10-06T09:53:07+00:00\",\"description\":\"Mozaika ceramiczna Winoro\u015bl - do powieszenia lub zastosowania jako podk\u0142adka, wymiary ca 40x32cm. Motyw zainspirowany polskimi winnicami.\",\"breadcrumb\":{\"@id\":\"https:\\\/\\\/atelierania.pl\\\/PL\\\/galeria\\\/dekoracja-winorosl\\\/#breadcrumb\"},\"inLanguage\":\"pl-PL\",\"potentialAction\":[{\"@type\":\"ReadAction\",\"target\":[\"https:\\\/\\\/atelierania.pl\\\/PL\\\/galeria\\\/dekoracja-winorosl\\\/\"]}]},{\"@type\":\"ImageObject\",\"inLanguage\":\"pl-PL\",\"@id\":\"https:\\\/\\\/atelierania.pl\\\/PL\\\/galeria\\\/dekoracja-winorosl\\\/#primaryimage\",\"url\":\"https:\\\/\\\/atelierania.pl\\\/PL\\\/wp-content\\\/uploads\\\/2023\\\/02\\\/czerwona_sold.png\",\"contentUrl\":\"https:\\\/\\\/atelierania.pl\\\/PL\\\/wp-content\\\/uploads\\\/2023\\\/02\\\/czerwona_sold.png\",\"width\":1080,\"height\":1080,\"caption\":\"mozaika winoro\u015bl\"},{\"@type\":\"BreadcrumbList\",\"@id\":\"https:\\\/\\\/atelierania.pl\\\/PL\\\/galeria\\\/dekoracja-winorosl\\\/#breadcrumb\",\"itemListElement\":[{\"@type\":\"ListItem\",\"position\":1,\"name\":\"Strona g\u0142\u00f3wna\",\"item\":\"https:\\\/\\\/atelierania.pl\\\/PL\\\/\"},{\"@type\":\"ListItem\",\"position\":2,\"name\":\"Mozaika Winoro\u015bl\"}]},{\"@type\":\"WebSite\",\"@id\":\"https:\\\/\\\/atelierania.pl\\\/PL\\\/#website\",\"url\":\"https:\\\/\\\/atelierania.pl\\\/PL\\\/\",\"name\":\"Atelier Ania\",\"description\":\"\",\"publisher\":{\"@id\":\"https:\\\/\\\/atelierania.pl\\\/PL\\\/#organization\"},\"potentialAction\":[{\"@type\":\"SearchAction\",\"target\":{\"@type\":\"EntryPoint\",\"urlTemplate\":\"https:\\\/\\\/atelierania.pl\\\/PL\\\/?s={search_term_string}\"},\"query-input\":{\"@type\":\"PropertyValueSpecification\",\"valueRequired\":true,\"valueName\":\"search_term_string\"}}],\"inLanguage\":\"pl-PL\"},{\"@type\":\"Organization\",\"@id\":\"https:\\\/\\\/atelierania.pl\\\/PL\\\/#organization\",\"name\":\"Atelier Ania\",\"url\":\"https:\\\/\\\/atelierania.pl\\\/PL\\\/\",\"logo\":{\"@type\":\"ImageObject\",\"inLanguage\":\"pl-PL\",\"@id\":\"https:\\\/\\\/atelierania.pl\\\/PL\\\/#\\\/schema\\\/logo\\\/image\\\/\",\"url\":\"https:\\\/\\\/atelierania.pl\\\/PL\\\/wp-content\\\/uploads\\\/2023\\\/03\\\/logo_f.jpg\",\"contentUrl\":\"https:\\\/\\\/atelierania.pl\\\/PL\\\/wp-content\\\/uploads\\\/2023\\\/03\\\/logo_f.jpg\",\"width\":51,\"height\":51,\"caption\":\"Atelier Ania\"},\"image\":{\"@id\":\"https:\\\/\\\/atelierania.pl\\\/PL\\\/#\\\/schema\\\/logo\\\/image\\\/\"}}]}<\/script>\n<!-- \/ Yoast SEO plugin. -->","yoast_head_json":{"title":"Mozaika Winoro\u015bl - Atelier Ania","description":"Mozaika ceramiczna Winoro\u015bl - do powieszenia lub zastosowania jako podk\u0142adka, wymiary ca 40x32cm. Motyw zainspirowany polskimi winnicami.","robots":{"index":"index","follow":"follow","max-snippet":"max-snippet:-1","max-image-preview":"max-image-preview:large","max-video-preview":"max-video-preview:-1"},"canonical":"https:\/\/atelierania.pl\/PL\/galeria\/dekoracja-winorosl\/","og_locale":"pl_PL","og_type":"article","og_title":"Mozaika Winoro\u015bl - Atelier Ania","og_description":"Mozaika ceramiczna Winoro\u015bl - do powieszenia lub zastosowania jako podk\u0142adka, wymiary ca 40x32cm. Motyw zainspirowany polskimi winnicami.","og_url":"https:\/\/atelierania.pl\/PL\/galeria\/dekoracja-winorosl\/","og_site_name":"Atelier Ania","article_modified_time":"2025-10-06T09:53:07+00:00","og_image":[{"width":1080,"height":1080,"url":"https:\/\/atelierania.pl\/PL\/wp-content\/uploads\/2023\/02\/czerwona_sold.png","type":"image\/png"}],"twitter_card":"summary_large_image","twitter_misc":{"Szacowany czas czytania":"3 minuty"},"schema":{"@context":"https:\/\/schema.org","@graph":[{"@type":"WebPage","@id":"https:\/\/atelierania.pl\/PL\/galeria\/dekoracja-winorosl\/","url":"https:\/\/atelierania.pl\/PL\/galeria\/dekoracja-winorosl\/","name":"Mozaika Winoro\u015bl - Atelier Ania","isPartOf":{"@id":"https:\/\/atelierania.pl\/PL\/#website"},"primaryImageOfPage":{"@id":"https:\/\/atelierania.pl\/PL\/galeria\/dekoracja-winorosl\/#primaryimage"},"image":{"@id":"https:\/\/atelierania.pl\/PL\/galeria\/dekoracja-winorosl\/#primaryimage"},"thumbnailUrl":"https:\/\/atelierania.pl\/PL\/wp-content\/uploads\/2023\/02\/czerwona_sold.png","datePublished":"2023-02-05T12:06:34+00:00","dateModified":"2025-10-06T09:53:07+00:00","description":"Mozaika ceramiczna Winoro\u015bl - do powieszenia lub zastosowania jako podk\u0142adka, wymiary ca 40x32cm. Motyw zainspirowany polskimi winnicami.","breadcrumb":{"@id":"https:\/\/atelierania.pl\/PL\/galeria\/dekoracja-winorosl\/#breadcrumb"},"inLanguage":"pl-PL","potentialAction":[{"@type":"ReadAction","target":["https:\/\/atelierania.pl\/PL\/galeria\/dekoracja-winorosl\/"]}]},{"@type":"ImageObject","inLanguage":"pl-PL","@id":"https:\/\/atelierania.pl\/PL\/galeria\/dekoracja-winorosl\/#primaryimage","url":"https:\/\/atelierania.pl\/PL\/wp-content\/uploads\/2023\/02\/czerwona_sold.png","contentUrl":"https:\/\/atelierania.pl\/PL\/wp-content\/uploads\/2023\/02\/czerwona_sold.png","width":1080,"height":1080,"caption":"mozaika winoro\u015bl"},{"@type":"BreadcrumbList","@id":"https:\/\/atelierania.pl\/PL\/galeria\/dekoracja-winorosl\/#breadcrumb","itemListElement":[{"@type":"ListItem","position":1,"name":"Strona g\u0142\u00f3wna","item":"https:\/\/atelierania.pl\/PL\/"},{"@type":"ListItem","position":2,"name":"Mozaika Winoro\u015bl"}]},{"@type":"WebSite","@id":"https:\/\/atelierania.pl\/PL\/#website","url":"https:\/\/atelierania.pl\/PL\/","name":"Atelier Ania","description":"","publisher":{"@id":"https:\/\/atelierania.pl\/PL\/#organization"},"potentialAction":[{"@type":"SearchAction","target":{"@type":"EntryPoint","urlTemplate":"https:\/\/atelierania.pl\/PL\/?s={search_term_string}"},"query-input":{"@type":"PropertyValueSpecification","valueRequired":true,"valueName":"search_term_string"}}],"inLanguage":"pl-PL"},{"@type":"Organization","@id":"https:\/\/atelierania.pl\/PL\/#organization","name":"Atelier Ania","url":"https:\/\/atelierania.pl\/PL\/","logo":{"@type":"ImageObject","inLanguage":"pl-PL","@id":"https:\/\/atelierania.pl\/PL\/#\/schema\/logo\/image\/","url":"https:\/\/atelierania.pl\/PL\/wp-content\/uploads\/2023\/03\/logo_f.jpg","contentUrl":"https:\/\/atelierania.pl\/PL\/wp-content\/uploads\/2023\/03\/logo_f.jpg","width":51,"height":51,"caption":"Atelier Ania"},"image":{"@id":"https:\/\/atelierania.pl\/PL\/#\/schema\/logo\/image\/"}}]}},"_links":{"self":[{"href":"https:\/\/atelierania.pl\/PL\/wp-json\/wp\/v2\/product\/5081","targetHints":{"allow":["GET"]}}],"collection":[{"href":"https:\/\/atelierania.pl\/PL\/wp-json\/wp\/v2\/product"}],"about":[{"href":"https:\/\/atelierania.pl\/PL\/wp-json\/wp\/v2\/types\/product"}],"version-history":[{"count":7,"href":"https:\/\/atelierania.pl\/PL\/wp-json\/wp\/v2\/product\/5081\/revisions"}],"predecessor-version":[{"id":7081,"href":"https:\/\/atelierania.pl\/PL\/wp-json\/wp\/v2\/product\/5081\/revisions\/7081"}],"wp:featuredmedia":[{"embeddable":true,"href":"https:\/\/atelierania.pl\/PL\/wp-json\/wp\/v2\/media\/7079"}],"wp:attachment":[{"href":"https:\/\/atelierania.pl\/PL\/wp-json\/wp\/v2\/media?parent=5081"}],"wp:term":[{"taxonomy":"product_brand","embeddable":true,"href":"https:\/\/atelierania.pl\/PL\/wp-json\/wp\/v2\/product_brand?post=5081"},{"taxonomy":"product_cat","embeddable":true,"href":"https:\/\/atelierania.pl\/PL\/wp-json\/wp\/v2\/product_cat?post=5081"},{"taxonomy":"product_tag","embeddable":true,"href":"https:\/\/atelierania.pl\/PL\/wp-json\/wp\/v2\/product_tag?post=5081"}],"curies":[{"name":"wp","href":"https:\/\/api.w.org\/{rel}","templated":true}]}}