{"id":5085,"date":"2023-02-05T12:17:31","date_gmt":"2023-02-05T12:17:31","guid":{"rendered":"https:\/\/atelierania.pl\/PL\/?post_type=product&#038;p=5085"},"modified":"2025-10-06T09:52:52","modified_gmt":"2025-10-06T09:52:52","slug":"archaniol-gabriel-mozaika-ceramiczna","status":"publish","type":"product","link":"https:\/\/atelierania.pl\/PL\/galeria\/archaniol-gabriel-mozaika-ceramiczna\/","title":{"rendered":"Archanio\u0142 Gabriel &#8211; mozaika ceramiczna"},"content":{"rendered":"\t\t<div data-elementor-type=\"wp-post\" data-elementor-id=\"5085\" class=\"elementor elementor-5085\">\n\t\t\t\t\t\t<section class=\"elementor-section elementor-top-section elementor-element elementor-element-32e07695 elementor-section-boxed elementor-section-height-default elementor-section-height-default\" data-id=\"32e07695\" data-element_type=\"section\" data-e-type=\"section\">\n\t\t\t\t\t\t<div class=\"elementor-container elementor-column-gap-default\">\n\t\t\t\t\t<div class=\"elementor-column elementor-col-100 elementor-top-column elementor-element elementor-element-24ea7a71\" data-id=\"24ea7a71\" data-element_type=\"column\" data-e-type=\"column\">\n\t\t\t<div class=\"elementor-widget-wrap elementor-element-populated\">\n\t\t\t\t\t\t<div class=\"elementor-element elementor-element-ee7b439 elementor-widget elementor-widget-image-gallery\" data-id=\"ee7b439\" data-element_type=\"widget\" data-e-type=\"widget\" data-widget_type=\"image-gallery.default\">\n\t\t\t\t<div class=\"elementor-widget-container\">\n\t\t\t\t\t\t\t<div class=\"elementor-image-gallery\">\n\t\t\t<div id='gallery-1' class='gallery galleryid-5085 gallery-columns-4 gallery-size-thumbnail'><figure class='gallery-item'>\n\t\t\t<div class='gallery-icon landscape'>\n\t\t\t\t<a data-elementor-open-lightbox=\"yes\" data-elementor-lightbox-slideshow=\"ee7b439\" data-elementor-lightbox-title=\"mozaika archanio\u0142 Gabriel\" data-e-action-hash=\"#elementor-action%3Aaction%3Dlightbox%26settings%3DeyJpZCI6NTA4NiwidXJsIjoiaHR0cHM6XC9cL2F0ZWxpZXJhbmlhLnBsXC9QTFwvd3AtY29udGVudFwvdXBsb2Fkc1wvMjAyM1wvMDJcL2FyY2hhbmlvbF9nYWJyaWVsLmpwZyIsInNsaWRlc2hvdyI6ImVlN2I0MzkifQ%3D%3D\" href='https:\/\/atelierania.pl\/PL\/wp-content\/uploads\/2023\/02\/archaniol_gabriel.jpg'><img decoding=\"async\" width=\"150\" height=\"150\" src=\"https:\/\/atelierania.pl\/PL\/wp-content\/uploads\/2023\/02\/archaniol_gabriel-150x150.jpg\" class=\"attachment-thumbnail size-thumbnail\" alt=\"mozaika ceramiczna archanio\u0142 Gabriel\" srcset=\"https:\/\/atelierania.pl\/PL\/wp-content\/uploads\/2023\/02\/archaniol_gabriel-150x150.jpg 150w, https:\/\/atelierania.pl\/PL\/wp-content\/uploads\/2023\/02\/archaniol_gabriel-100x100.jpg 100w, https:\/\/atelierania.pl\/PL\/wp-content\/uploads\/2023\/02\/archaniol_gabriel-300x300.jpg 300w, https:\/\/atelierania.pl\/PL\/wp-content\/uploads\/2023\/02\/archaniol_gabriel.jpg 500w\" sizes=\"(max-width: 150px) 100vw, 150px\" \/><\/a>\n\t\t\t<\/div><\/figure><figure class='gallery-item'>\n\t\t\t<div class='gallery-icon portrait'>\n\t\t\t\t<a data-elementor-open-lightbox=\"yes\" data-elementor-lightbox-slideshow=\"ee7b439\" data-elementor-lightbox-title=\"angel_mikro_2\" data-e-action-hash=\"#elementor-action%3Aaction%3Dlightbox%26settings%3DeyJpZCI6NTA4OSwidXJsIjoiaHR0cHM6XC9cL2F0ZWxpZXJhbmlhLnBsXC9QTFwvd3AtY29udGVudFwvdXBsb2Fkc1wvMjAyM1wvMDJcL2FuZ2VsX21pa3JvXzIuanBnIiwic2xpZGVzaG93IjoiZWU3YjQzOSJ9\" href='https:\/\/atelierania.pl\/PL\/wp-content\/uploads\/2023\/02\/angel_mikro_2.jpg'><img decoding=\"async\" width=\"150\" height=\"150\" src=\"https:\/\/atelierania.pl\/PL\/wp-content\/uploads\/2023\/02\/angel_mikro_2-150x150.jpg\" class=\"attachment-thumbnail size-thumbnail\" alt=\"\" srcset=\"https:\/\/atelierania.pl\/PL\/wp-content\/uploads\/2023\/02\/angel_mikro_2-150x150.jpg 150w, https:\/\/atelierania.pl\/PL\/wp-content\/uploads\/2023\/02\/angel_mikro_2-100x100.jpg 100w, https:\/\/atelierania.pl\/PL\/wp-content\/uploads\/2023\/02\/angel_mikro_2-300x300.jpg 300w\" sizes=\"(max-width: 150px) 100vw, 150px\" \/><\/a>\n\t\t\t<\/div><\/figure><figure class='gallery-item'>\n\t\t\t<div class='gallery-icon portrait'>\n\t\t\t\t<a data-elementor-open-lightbox=\"yes\" data-elementor-lightbox-slideshow=\"ee7b439\" data-elementor-lightbox-title=\"Mozaika - detal\" data-e-action-hash=\"#elementor-action%3Aaction%3Dlightbox%26settings%3DeyJpZCI6NTA5MCwidXJsIjoiaHR0cHM6XC9cL2F0ZWxpZXJhbmlhLnBsXC9QTFwvd3AtY29udGVudFwvdXBsb2Fkc1wvMjAyM1wvMDJcL2FuZ2VsX21pa3JvXzcuanBnIiwic2xpZGVzaG93IjoiZWU3YjQzOSJ9\" href='https:\/\/atelierania.pl\/PL\/wp-content\/uploads\/2023\/02\/angel_mikro_7.jpg'><img decoding=\"async\" width=\"150\" height=\"150\" src=\"https:\/\/atelierania.pl\/PL\/wp-content\/uploads\/2023\/02\/angel_mikro_7-150x150.jpg\" class=\"attachment-thumbnail size-thumbnail\" alt=\"\" srcset=\"https:\/\/atelierania.pl\/PL\/wp-content\/uploads\/2023\/02\/angel_mikro_7-150x150.jpg 150w, https:\/\/atelierania.pl\/PL\/wp-content\/uploads\/2023\/02\/angel_mikro_7-100x100.jpg 100w, https:\/\/atelierania.pl\/PL\/wp-content\/uploads\/2023\/02\/angel_mikro_7-300x300.jpg 300w\" sizes=\"(max-width: 150px) 100vw, 150px\" \/><\/a>\n\t\t\t<\/div><\/figure><figure class='gallery-item'>\n\t\t\t<div class='gallery-icon portrait'>\n\t\t\t\t<a data-elementor-open-lightbox=\"yes\" data-elementor-lightbox-slideshow=\"ee7b439\" data-elementor-lightbox-title=\"angel_mikro_3\" data-e-action-hash=\"#elementor-action%3Aaction%3Dlightbox%26settings%3DeyJpZCI6NTA5MSwidXJsIjoiaHR0cHM6XC9cL2F0ZWxpZXJhbmlhLnBsXC9QTFwvd3AtY29udGVudFwvdXBsb2Fkc1wvMjAyM1wvMDJcL2FuZ2VsX21pa3JvXzMuanBnIiwic2xpZGVzaG93IjoiZWU3YjQzOSJ9\" href='https:\/\/atelierania.pl\/PL\/wp-content\/uploads\/2023\/02\/angel_mikro_3.jpg'><img loading=\"lazy\" decoding=\"async\" width=\"150\" height=\"150\" src=\"https:\/\/atelierania.pl\/PL\/wp-content\/uploads\/2023\/02\/angel_mikro_3-150x150.jpg\" class=\"attachment-thumbnail size-thumbnail\" alt=\"\" srcset=\"https:\/\/atelierania.pl\/PL\/wp-content\/uploads\/2023\/02\/angel_mikro_3-150x150.jpg 150w, https:\/\/atelierania.pl\/PL\/wp-content\/uploads\/2023\/02\/angel_mikro_3-100x100.jpg 100w, https:\/\/atelierania.pl\/PL\/wp-content\/uploads\/2023\/02\/angel_mikro_3-300x300.jpg 300w\" sizes=\"(max-width: 150px) 100vw, 150px\" \/><\/a>\n\t\t\t<\/div><\/figure>\n\t\t<\/div>\n\t\t<\/div>\n\t\t\t\t\t\t<\/div>\n\t\t\t\t<\/div>\n\t\t\t\t<div class=\"elementor-element elementor-element-263e11a5 elementor-widget elementor-widget-text-editor\" data-id=\"263e11a5\" data-element_type=\"widget\" data-e-type=\"widget\" data-widget_type=\"text-editor.default\">\n\t\t\t\t<div class=\"elementor-widget-container\">\n\t\t\t\t\t\t\t\t\t\n\n\n<h2 class=\"wp-block-heading\">Przedstawienie Archanio\u0142a Gabriela:<\/h2>\n\n\n\n<p>Ten Archanio\u0142 Gabriel powsta\u0142 zainspirowany bizantyjskimi przedstawieniami anio\u0142\u00f3w, na przyk\u0142ad bia\u0142ego anio\u0142a na sklepieniu monastyru Mileseva Monastery w Serbii, czy 11-wiecznego anio\u0142a w Bazylice \u015awi\u0119tego Anio\u0142a we w\u0142oskim Formis . W Neapolu te\u017c mo\u017cna znale\u017a\u0107 podobne przedstawienie. Kolory s\u0105 moj\u0105 wersj\u0105 ubioru.<\/p>\n\n\n\n<p>Archanio\u0142a Gabriela szerzej opisa\u0142am <a href=\"https:\/\/anieli.pl\/archaniol-gabriel\/\" target=\"_blank\" rel=\"noreferrer noopener\">w tym wpisie<\/a>, na moim blogu o Anio\u0142ach, zapraszam.<\/p>\n\n\n\n<h2 class=\"wp-block-heading\">Autor projektu i wykonanie:<\/h2>\n\n\n\n<p>Anna M\u0105dra<\/p>\n\n\n\n<h2 class=\"wp-block-heading\">Technika wykonania:<\/h2>\n\n\n\n<p>Mozaika Archanio\u0142 Gabriel to mozaika ceramiczna, kt\u00f3rej elementy zosta\u0142y wykonane z bia\u0142ej gliny. Mozaika jest szkliwiona i obstalowana na sklejce grubo\u015bci ok. 6 mm zabezpieczonej lakierobejc\u0105 w kolorze ciemnego orzecha oraz z zamontowanym uchwytem do zawieszenia na \u015bcianie.<\/p>\n\n\n\n<h2 class=\"wp-block-heading\">Wymiary:<\/h2>\n\n\n\n<p>wysoko\u015b\u0107 x szeroko\u015b\u0107 x grubo\u015b\u0107: (ca) 28 x 28 x 1cm<\/p>\n\n\n\n<h2 class=\"wp-block-heading\">Jak powstaje mozaika ceramiczna:<\/h2>\n\n\n\n<p>Wed\u0142ug Encyklopedii PWN mozaika to \u201eobraz lub dekoracyjny wz\u00f3r wykonany z drobnych kawa\u0142k\u00f3w kolorowych kamieni, szk\u0142a itp., s\u0142u\u017c\u0105cych jako ozdoba sklepie\u0144, posadzek itp.; te\u017c: kolorowe kawa\u0142ki kamieni, szk\u0142a itp., u\u017cywane do uk\u0142adania takich obraz\u00f3w lub wzor\u00f3w\u201d.<\/p>\n\n\n\n<p>Mozaika przedstawiona w tym wpisie powsta\u0142a podczas d\u0142ugotrwa\u0142ego, wieloetapowego procesu. Pocz\u0105tek stanowi projekt w postaci szczeg\u00f3\u0142owego rysunku z opracowaniem barwnym. Dalej nast\u0119puje precyzyjne wycinanie element\u00f3w w plastrze gliny, kilkutygodniowe suszenie i co najmniej dwukrotny wypa\u0142 w piecu w temperaturze przekraczaj\u0105cej 1000<sup>O<\/sup>C. Barwienie takiej mozaiki to te\u017c proces d\u0142ugotrwa\u0142y i trudny ze wzgl\u0119du na charakter szkliw tutaj u\u017cywanych . Precyzyjna uk\u0142adanka ceramicznych element\u00f3w sk\u0142adana jest w ostateczn\u0105 ca\u0142o\u015b\u0107 po wielu tygodniach i etapach dopracowywania szczeg\u00f3\u0142\u00f3w. Wi\u0119cej na ten temat zamie\u015bci\u0142am <a href=\"https:\/\/atelierania.pl\/PL\/jak-powstaje-mozaika-ceramiczna\/\">w tym wpisie<\/a>.<\/p>\n<\/figure>\n<\/figure>\n<\/div>\n<\/div>\n<\/div>\n<\/div>\n<\/div>\n<!-- \/wp:paragraph --><\/figure>\n<\/figure>\n<!-- \/wp:paragraph -->\t\t\t\t\t\t\t\t<\/div>\n\t\t\t\t<\/div>\n\t\t\t\t\t<\/div>\n\t\t<\/div>\n\t\t\t\t\t<\/div>\n\t\t<\/section>\n\t\t\t\t<\/div>\n\t\t","protected":false},"excerpt":{"rendered":"<p>Przedstawienie Archanio\u0142a Gabriela: Ten Archanio\u0142 Gabriel powsta\u0142 zainspirowany bizantyjskimi przedstawieniami anio\u0142\u00f3w, na przyk\u0142ad bia\u0142ego anio\u0142a na sklepieniu monastyru Mileseva Monastery w Serbii, czy 11-wiecznego anio\u0142a w Bazylice \u015awi\u0119tego Anio\u0142a we w\u0142oskim Formis . W Neapolu te\u017c mo\u017cna znale\u017a\u0107 podobne przedstawienie. Kolory s\u0105 moj\u0105 wersj\u0105 ubioru. Archanio\u0142a Gabriela szerzej opisa\u0142am w tym wpisie, na moim blogu&hellip; <\/p>\n","protected":false},"featured_media":5086,"template":"","meta":[],"product_brand":[],"product_cat":[66],"product_tag":[78,76],"class_list":{"0":"post-5085","1":"product","2":"type-product","3":"status-publish","4":"has-post-thumbnail","6":"product_cat-ceramika-od-artysty","7":"product_tag-aniol","8":"product_tag-mozaika","10":"first","11":"instock","12":"sold-individually","13":"taxable","14":"shipping-taxable","15":"purchasable","16":"product-type-simple"},"yoast_head":"<!-- This site is optimized with the Yoast SEO plugin v27.4 - https:\/\/yoast.com\/product\/yoast-seo-wordpress\/ -->\n<title>Archanio\u0142 Gabriel - mozaika ceramiczna - Atelier Ania<\/title>\n<meta name=\"description\" content=\"Archanio\u0142 Gabriel jest jednym z trzech, a wg apokryf\u00f3w \u2013 siedmiu, najwa\u017cniejszych Anio\u0142\u00f3w. Szkliwiona mozaika ceramiczna 28x28x1,5cm.\" \/>\n<meta name=\"robots\" content=\"index, follow, max-snippet:-1, max-image-preview:large, max-video-preview:-1\" \/>\n<link rel=\"canonical\" href=\"https:\/\/atelierania.pl\/PL\/galeria\/archaniol-gabriel-mozaika-ceramiczna\/\" \/>\n<meta property=\"og:locale\" content=\"pl_PL\" \/>\n<meta property=\"og:type\" content=\"article\" \/>\n<meta property=\"og:title\" content=\"Archanio\u0142 Gabriel - mozaika ceramiczna - Atelier Ania\" \/>\n<meta property=\"og:description\" content=\"Archanio\u0142 Gabriel jest jednym z trzech, a wg apokryf\u00f3w \u2013 siedmiu, najwa\u017cniejszych Anio\u0142\u00f3w. Szkliwiona mozaika ceramiczna 28x28x1,5cm.\" \/>\n<meta property=\"og:url\" content=\"https:\/\/atelierania.pl\/PL\/galeria\/archaniol-gabriel-mozaika-ceramiczna\/\" \/>\n<meta property=\"og:site_name\" content=\"Atelier Ania\" \/>\n<meta property=\"article:modified_time\" content=\"2025-10-06T09:52:52+00:00\" \/>\n<meta property=\"og:image\" content=\"https:\/\/atelierania.pl\/PL\/wp-content\/uploads\/2023\/02\/archaniol_gabriel.jpg\" \/>\n\t<meta property=\"og:image:width\" content=\"500\" \/>\n\t<meta property=\"og:image:height\" content=\"500\" \/>\n\t<meta property=\"og:image:type\" content=\"image\/jpeg\" \/>\n<meta name=\"twitter:card\" content=\"summary_large_image\" \/>\n<meta name=\"twitter:label1\" content=\"Szacowany czas czytania\" \/>\n\t<meta name=\"twitter:data1\" content=\"3 minuty\" \/>\n<script type=\"application\/ld+json\" class=\"yoast-schema-graph\">{\"@context\":\"https:\\\/\\\/schema.org\",\"@graph\":[{\"@type\":\"WebPage\",\"@id\":\"https:\\\/\\\/atelierania.pl\\\/PL\\\/galeria\\\/archaniol-gabriel-mozaika-ceramiczna\\\/\",\"url\":\"https:\\\/\\\/atelierania.pl\\\/PL\\\/galeria\\\/archaniol-gabriel-mozaika-ceramiczna\\\/\",\"name\":\"Archanio\u0142 Gabriel - mozaika ceramiczna - Atelier Ania\",\"isPartOf\":{\"@id\":\"https:\\\/\\\/atelierania.pl\\\/PL\\\/#website\"},\"primaryImageOfPage\":{\"@id\":\"https:\\\/\\\/atelierania.pl\\\/PL\\\/galeria\\\/archaniol-gabriel-mozaika-ceramiczna\\\/#primaryimage\"},\"image\":{\"@id\":\"https:\\\/\\\/atelierania.pl\\\/PL\\\/galeria\\\/archaniol-gabriel-mozaika-ceramiczna\\\/#primaryimage\"},\"thumbnailUrl\":\"https:\\\/\\\/atelierania.pl\\\/PL\\\/wp-content\\\/uploads\\\/2023\\\/02\\\/archaniol_gabriel.jpg\",\"datePublished\":\"2023-02-05T12:17:31+00:00\",\"dateModified\":\"2025-10-06T09:52:52+00:00\",\"description\":\"Archanio\u0142 Gabriel jest jednym z trzech, a wg apokryf\u00f3w \u2013 siedmiu, najwa\u017cniejszych Anio\u0142\u00f3w. Szkliwiona mozaika ceramiczna 28x28x1,5cm.\",\"breadcrumb\":{\"@id\":\"https:\\\/\\\/atelierania.pl\\\/PL\\\/galeria\\\/archaniol-gabriel-mozaika-ceramiczna\\\/#breadcrumb\"},\"inLanguage\":\"pl-PL\",\"potentialAction\":[{\"@type\":\"ReadAction\",\"target\":[\"https:\\\/\\\/atelierania.pl\\\/PL\\\/galeria\\\/archaniol-gabriel-mozaika-ceramiczna\\\/\"]}]},{\"@type\":\"ImageObject\",\"inLanguage\":\"pl-PL\",\"@id\":\"https:\\\/\\\/atelierania.pl\\\/PL\\\/galeria\\\/archaniol-gabriel-mozaika-ceramiczna\\\/#primaryimage\",\"url\":\"https:\\\/\\\/atelierania.pl\\\/PL\\\/wp-content\\\/uploads\\\/2023\\\/02\\\/archaniol_gabriel.jpg\",\"contentUrl\":\"https:\\\/\\\/atelierania.pl\\\/PL\\\/wp-content\\\/uploads\\\/2023\\\/02\\\/archaniol_gabriel.jpg\",\"width\":500,\"height\":500,\"caption\":\"mozaika ceramiczna archanio\u0142 Gabriel\"},{\"@type\":\"BreadcrumbList\",\"@id\":\"https:\\\/\\\/atelierania.pl\\\/PL\\\/galeria\\\/archaniol-gabriel-mozaika-ceramiczna\\\/#breadcrumb\",\"itemListElement\":[{\"@type\":\"ListItem\",\"position\":1,\"name\":\"Strona g\u0142\u00f3wna\",\"item\":\"https:\\\/\\\/atelierania.pl\\\/PL\\\/\"},{\"@type\":\"ListItem\",\"position\":2,\"name\":\"Archanio\u0142 Gabriel &#8211; mozaika ceramiczna\"}]},{\"@type\":\"WebSite\",\"@id\":\"https:\\\/\\\/atelierania.pl\\\/PL\\\/#website\",\"url\":\"https:\\\/\\\/atelierania.pl\\\/PL\\\/\",\"name\":\"Atelier Ania\",\"description\":\"\",\"publisher\":{\"@id\":\"https:\\\/\\\/atelierania.pl\\\/PL\\\/#organization\"},\"potentialAction\":[{\"@type\":\"SearchAction\",\"target\":{\"@type\":\"EntryPoint\",\"urlTemplate\":\"https:\\\/\\\/atelierania.pl\\\/PL\\\/?s={search_term_string}\"},\"query-input\":{\"@type\":\"PropertyValueSpecification\",\"valueRequired\":true,\"valueName\":\"search_term_string\"}}],\"inLanguage\":\"pl-PL\"},{\"@type\":\"Organization\",\"@id\":\"https:\\\/\\\/atelierania.pl\\\/PL\\\/#organization\",\"name\":\"Atelier Ania\",\"url\":\"https:\\\/\\\/atelierania.pl\\\/PL\\\/\",\"logo\":{\"@type\":\"ImageObject\",\"inLanguage\":\"pl-PL\",\"@id\":\"https:\\\/\\\/atelierania.pl\\\/PL\\\/#\\\/schema\\\/logo\\\/image\\\/\",\"url\":\"https:\\\/\\\/atelierania.pl\\\/PL\\\/wp-content\\\/uploads\\\/2023\\\/03\\\/logo_f.jpg\",\"contentUrl\":\"https:\\\/\\\/atelierania.pl\\\/PL\\\/wp-content\\\/uploads\\\/2023\\\/03\\\/logo_f.jpg\",\"width\":51,\"height\":51,\"caption\":\"Atelier Ania\"},\"image\":{\"@id\":\"https:\\\/\\\/atelierania.pl\\\/PL\\\/#\\\/schema\\\/logo\\\/image\\\/\"}}]}<\/script>\n<!-- \/ Yoast SEO plugin. -->","yoast_head_json":{"title":"Archanio\u0142 Gabriel - mozaika ceramiczna - Atelier Ania","description":"Archanio\u0142 Gabriel jest jednym z trzech, a wg apokryf\u00f3w \u2013 siedmiu, najwa\u017cniejszych Anio\u0142\u00f3w. Szkliwiona mozaika ceramiczna 28x28x1,5cm.","robots":{"index":"index","follow":"follow","max-snippet":"max-snippet:-1","max-image-preview":"max-image-preview:large","max-video-preview":"max-video-preview:-1"},"canonical":"https:\/\/atelierania.pl\/PL\/galeria\/archaniol-gabriel-mozaika-ceramiczna\/","og_locale":"pl_PL","og_type":"article","og_title":"Archanio\u0142 Gabriel - mozaika ceramiczna - Atelier Ania","og_description":"Archanio\u0142 Gabriel jest jednym z trzech, a wg apokryf\u00f3w \u2013 siedmiu, najwa\u017cniejszych Anio\u0142\u00f3w. Szkliwiona mozaika ceramiczna 28x28x1,5cm.","og_url":"https:\/\/atelierania.pl\/PL\/galeria\/archaniol-gabriel-mozaika-ceramiczna\/","og_site_name":"Atelier Ania","article_modified_time":"2025-10-06T09:52:52+00:00","og_image":[{"width":500,"height":500,"url":"https:\/\/atelierania.pl\/PL\/wp-content\/uploads\/2023\/02\/archaniol_gabriel.jpg","type":"image\/jpeg"}],"twitter_card":"summary_large_image","twitter_misc":{"Szacowany czas czytania":"3 minuty"},"schema":{"@context":"https:\/\/schema.org","@graph":[{"@type":"WebPage","@id":"https:\/\/atelierania.pl\/PL\/galeria\/archaniol-gabriel-mozaika-ceramiczna\/","url":"https:\/\/atelierania.pl\/PL\/galeria\/archaniol-gabriel-mozaika-ceramiczna\/","name":"Archanio\u0142 Gabriel - mozaika ceramiczna - Atelier Ania","isPartOf":{"@id":"https:\/\/atelierania.pl\/PL\/#website"},"primaryImageOfPage":{"@id":"https:\/\/atelierania.pl\/PL\/galeria\/archaniol-gabriel-mozaika-ceramiczna\/#primaryimage"},"image":{"@id":"https:\/\/atelierania.pl\/PL\/galeria\/archaniol-gabriel-mozaika-ceramiczna\/#primaryimage"},"thumbnailUrl":"https:\/\/atelierania.pl\/PL\/wp-content\/uploads\/2023\/02\/archaniol_gabriel.jpg","datePublished":"2023-02-05T12:17:31+00:00","dateModified":"2025-10-06T09:52:52+00:00","description":"Archanio\u0142 Gabriel jest jednym z trzech, a wg apokryf\u00f3w \u2013 siedmiu, najwa\u017cniejszych Anio\u0142\u00f3w. Szkliwiona mozaika ceramiczna 28x28x1,5cm.","breadcrumb":{"@id":"https:\/\/atelierania.pl\/PL\/galeria\/archaniol-gabriel-mozaika-ceramiczna\/#breadcrumb"},"inLanguage":"pl-PL","potentialAction":[{"@type":"ReadAction","target":["https:\/\/atelierania.pl\/PL\/galeria\/archaniol-gabriel-mozaika-ceramiczna\/"]}]},{"@type":"ImageObject","inLanguage":"pl-PL","@id":"https:\/\/atelierania.pl\/PL\/galeria\/archaniol-gabriel-mozaika-ceramiczna\/#primaryimage","url":"https:\/\/atelierania.pl\/PL\/wp-content\/uploads\/2023\/02\/archaniol_gabriel.jpg","contentUrl":"https:\/\/atelierania.pl\/PL\/wp-content\/uploads\/2023\/02\/archaniol_gabriel.jpg","width":500,"height":500,"caption":"mozaika ceramiczna archanio\u0142 Gabriel"},{"@type":"BreadcrumbList","@id":"https:\/\/atelierania.pl\/PL\/galeria\/archaniol-gabriel-mozaika-ceramiczna\/#breadcrumb","itemListElement":[{"@type":"ListItem","position":1,"name":"Strona g\u0142\u00f3wna","item":"https:\/\/atelierania.pl\/PL\/"},{"@type":"ListItem","position":2,"name":"Archanio\u0142 Gabriel &#8211; mozaika ceramiczna"}]},{"@type":"WebSite","@id":"https:\/\/atelierania.pl\/PL\/#website","url":"https:\/\/atelierania.pl\/PL\/","name":"Atelier Ania","description":"","publisher":{"@id":"https:\/\/atelierania.pl\/PL\/#organization"},"potentialAction":[{"@type":"SearchAction","target":{"@type":"EntryPoint","urlTemplate":"https:\/\/atelierania.pl\/PL\/?s={search_term_string}"},"query-input":{"@type":"PropertyValueSpecification","valueRequired":true,"valueName":"search_term_string"}}],"inLanguage":"pl-PL"},{"@type":"Organization","@id":"https:\/\/atelierania.pl\/PL\/#organization","name":"Atelier Ania","url":"https:\/\/atelierania.pl\/PL\/","logo":{"@type":"ImageObject","inLanguage":"pl-PL","@id":"https:\/\/atelierania.pl\/PL\/#\/schema\/logo\/image\/","url":"https:\/\/atelierania.pl\/PL\/wp-content\/uploads\/2023\/03\/logo_f.jpg","contentUrl":"https:\/\/atelierania.pl\/PL\/wp-content\/uploads\/2023\/03\/logo_f.jpg","width":51,"height":51,"caption":"Atelier Ania"},"image":{"@id":"https:\/\/atelierania.pl\/PL\/#\/schema\/logo\/image\/"}}]}},"_links":{"self":[{"href":"https:\/\/atelierania.pl\/PL\/wp-json\/wp\/v2\/product\/5085","targetHints":{"allow":["GET"]}}],"collection":[{"href":"https:\/\/atelierania.pl\/PL\/wp-json\/wp\/v2\/product"}],"about":[{"href":"https:\/\/atelierania.pl\/PL\/wp-json\/wp\/v2\/types\/product"}],"version-history":[{"count":4,"href":"https:\/\/atelierania.pl\/PL\/wp-json\/wp\/v2\/product\/5085\/revisions"}],"predecessor-version":[{"id":5094,"href":"https:\/\/atelierania.pl\/PL\/wp-json\/wp\/v2\/product\/5085\/revisions\/5094"}],"wp:featuredmedia":[{"embeddable":true,"href":"https:\/\/atelierania.pl\/PL\/wp-json\/wp\/v2\/media\/5086"}],"wp:attachment":[{"href":"https:\/\/atelierania.pl\/PL\/wp-json\/wp\/v2\/media?parent=5085"}],"wp:term":[{"taxonomy":"product_brand","embeddable":true,"href":"https:\/\/atelierania.pl\/PL\/wp-json\/wp\/v2\/product_brand?post=5085"},{"taxonomy":"product_cat","embeddable":true,"href":"https:\/\/atelierania.pl\/PL\/wp-json\/wp\/v2\/product_cat?post=5085"},{"taxonomy":"product_tag","embeddable":true,"href":"https:\/\/atelierania.pl\/PL\/wp-json\/wp\/v2\/product_tag?post=5085"}],"curies":[{"name":"wp","href":"https:\/\/api.w.org\/{rel}","templated":true}]}}