{"id":5095,"date":"2023-02-05T12:37:00","date_gmt":"2023-02-05T12:37:00","guid":{"rendered":"https:\/\/atelierania.pl\/PL\/?post_type=product&#038;p=5095"},"modified":"2025-10-06T09:52:30","modified_gmt":"2025-10-06T09:52:30","slug":"archaniol-michal-mozaika-ceramiczna","status":"publish","type":"product","link":"https:\/\/atelierania.pl\/PL\/galeria\/archaniol-michal-mozaika-ceramiczna\/","title":{"rendered":"Archanio\u0142 Micha\u0142 &#8211; mozaika ceramiczna"},"content":{"rendered":"<p><\/p>\r\n<figure class=\"wp-block-gallery has-nested-images columns-default is-cropped wp-block-gallery-1 is-layout-flex wp-block-gallery-is-layout-flex\">\r\n<figure class=\"wp-block-image size-large\"><img fetchpriority=\"high\" decoding=\"async\" width=\"440\" height=\"496\" data-id=\"46\" class=\"wp-image-46\" src=\"https:\/\/atelierania.pl\/PL\/wp-content\/uploads\/2020\/08\/Michael_2_1.jpg\" alt=\"Archanio\u0142 Micha\u0142\" srcset=\"https:\/\/atelierania.pl\/PL\/wp-content\/uploads\/2020\/08\/Michael_2_1.jpg 440w, https:\/\/atelierania.pl\/PL\/wp-content\/uploads\/2020\/08\/Michael_2_1-266x300.jpg 266w\" sizes=\"(max-width: 440px) 100vw, 440px\" \/><\/figure>\r\n\r\n\r\n\r\n<figure class=\"wp-block-image size-large\"><img decoding=\"async\" width=\"440\" height=\"496\" data-id=\"47\" class=\"wp-image-47\" src=\"https:\/\/atelierania.pl\/PL\/wp-content\/uploads\/2020\/08\/Michael_2_2.jpg\" alt=\"Archanio\u0142 Micha\u0142 Oblicze\" srcset=\"https:\/\/atelierania.pl\/PL\/wp-content\/uploads\/2020\/08\/Michael_2_2.jpg 440w, https:\/\/atelierania.pl\/PL\/wp-content\/uploads\/2020\/08\/Michael_2_2-266x300.jpg 266w\" sizes=\"(max-width: 440px) 100vw, 440px\" \/><\/figure>\r\n\r\n\r\n\r\n<figure class=\"wp-block-image size-large\"><img decoding=\"async\" width=\"440\" height=\"496\" data-id=\"48\" class=\"wp-image-48\" src=\"https:\/\/atelierania.pl\/PL\/wp-content\/uploads\/2020\/08\/Michael_2_3.jpg\" alt=\"Archanio\u0142 Micha\u0142 w trakcie tworzenia\" srcset=\"https:\/\/atelierania.pl\/PL\/wp-content\/uploads\/2020\/08\/Michael_2_3.jpg 440w, https:\/\/atelierania.pl\/PL\/wp-content\/uploads\/2020\/08\/Michael_2_3-266x300.jpg 266w\" sizes=\"(max-width: 440px) 100vw, 440px\" \/><\/figure>\r\n\r\n\r\n\r\n<figure class=\"wp-block-image size-large\"><img loading=\"lazy\" decoding=\"async\" width=\"440\" height=\"496\" data-id=\"49\" class=\"wp-image-49\" src=\"https:\/\/atelierania.pl\/PL\/wp-content\/uploads\/2020\/08\/Michael_2_4.jpg\" alt=\"Archanio\u0142 Micha\u0142, napis w cyrulicy\" srcset=\"https:\/\/atelierania.pl\/PL\/wp-content\/uploads\/2020\/08\/Michael_2_4.jpg 440w, https:\/\/atelierania.pl\/PL\/wp-content\/uploads\/2020\/08\/Michael_2_4-266x300.jpg 266w\" sizes=\"(max-width: 440px) 100vw, 440px\" \/><\/figure>\r\n\r\n\r\n\r\n<figure class=\"wp-block-image size-large\"><img loading=\"lazy\" decoding=\"async\" width=\"440\" height=\"496\" data-id=\"50\" class=\"wp-image-50\" src=\"https:\/\/atelierania.pl\/PL\/wp-content\/uploads\/2020\/08\/Michael_2_5.jpg\" alt=\"Archanio\u0142 Micha\u0142, ceramika\" srcset=\"https:\/\/atelierania.pl\/PL\/wp-content\/uploads\/2020\/08\/Michael_2_5.jpg 440w, https:\/\/atelierania.pl\/PL\/wp-content\/uploads\/2020\/08\/Michael_2_5-266x300.jpg 266w\" sizes=\"(max-width: 440px) 100vw, 440px\" \/><\/figure>\r\n\r\n\r\n\r\n<figure class=\"wp-block-image size-large\"><img loading=\"lazy\" decoding=\"async\" width=\"440\" height=\"496\" data-id=\"51\" class=\"wp-image-51\" src=\"https:\/\/atelierania.pl\/PL\/wp-content\/uploads\/2020\/08\/Michael_2_6.jpg\" alt=\"Archanio\u0142 Micha\u0142  ceramiczne kawa\u0142ki\" srcset=\"https:\/\/atelierania.pl\/PL\/wp-content\/uploads\/2020\/08\/Michael_2_6.jpg 440w, https:\/\/atelierania.pl\/PL\/wp-content\/uploads\/2020\/08\/Michael_2_6-266x300.jpg 266w\" sizes=\"(max-width: 440px) 100vw, 440px\" \/><\/figure>\r\n\r\n\r\n\r\n<figure class=\"wp-block-image size-large\"><img loading=\"lazy\" decoding=\"async\" width=\"440\" height=\"496\" data-id=\"52\" class=\"wp-image-52\" src=\"https:\/\/atelierania.pl\/PL\/wp-content\/uploads\/2020\/08\/Michael_2_7.jpg\" alt=\"Archanio\u0142 Micha\u0142 zbli\u017cenie\" srcset=\"https:\/\/atelierania.pl\/PL\/wp-content\/uploads\/2020\/08\/Michael_2_7.jpg 440w, https:\/\/atelierania.pl\/PL\/wp-content\/uploads\/2020\/08\/Michael_2_7-266x300.jpg 266w\" sizes=\"(max-width: 440px) 100vw, 440px\" \/><\/figure>\r\n<\/figure>\r\n<p>\r\n\r\n<\/p>\r\n<h2 class=\"wp-block-heading\">Przedstawienie:<\/h2>\r\n<p>\r\n\r\n<\/p>\r\n<p>Ten Archanio\u0142 Micha\u0142 powsta\u0142 zainspirowany r\u00f3\u017cnymi przedstawieniami ikonograficznymi i \u015bredniowiecznymi mozaikami. Dlatego nosi zbroj\u0119, a we w\u0142osach ma b\u0142\u0119kitn\u0105 przepask\u0119, kt\u00f3ra podtrzymuje ci\u0119\u017ckie z\u0142ote loki.<\/p>\r\n<p>\r\n\r\n<\/p>\r\n<p>Archanio\u0142a Micha\u0142a szerzej opisa\u0142am <a href=\"https:\/\/anieli.pl\/archaniol-gabriel\/\" target=\"_blank\" rel=\"noreferrer noopener\">w tym wpisie<\/a>, na moim blogu o Anio\u0142ach, zapraszam.<\/p>\r\n<p>\r\n\r\n<\/p>\r\n<h2 class=\"wp-block-heading\">Autor projektu i wykonanie:<\/h2>\r\n<p>\r\n\r\n<\/p>\r\n<p>Anna M\u0105dra<\/p>\r\n<p>\r\n\r\n<\/p>\r\n<h2 class=\"wp-block-heading\">Technika wykonania:<\/h2>\r\n<p>\r\n\r\n<\/p>\r\n<p>Mozaika Archanio\u0142 Micha\u0142 to mozaika ceramiczna, kt\u00f3rej elementy zosta\u0142y wykonane z bia\u0142ej gliny. Mozaika jest szkliwiona i obstalowana na sklejce grubo\u015bci ok. 6 mm zabezpieczonej lakierobejc\u0105 w kolorze ciemnego orzecha oraz z zamontowanym uchwytem do zawieszenia na \u015bcianie.<\/p>\r\n<p>\r\n\r\n<\/p>\r\n<h2 class=\"wp-block-heading\">Wymiary:<\/h2>\r\n<p>\r\n\r\n<\/p>\r\n<p>wysoko\u015b\u0107 x szeroko\u015b\u0107 x grubo\u015b\u0107: (ca) 23 x 23 x 3cm<\/p>\r\n<p>\r\n\r\n<\/p>\r\n<h2 class=\"wp-block-heading\">Jak powstaje mozaika ceramiczna:<\/h2>\r\n<p>\r\n\r\n<\/p>\r\n<p>Wed\u0142ug Encyklopedii PWN mozaika to \u201eobraz lub dekoracyjny wz\u00f3r wykonany z drobnych kawa\u0142k\u00f3w kolorowych kamieni, szk\u0142a itp., s\u0142u\u017c\u0105cych jako ozdoba sklepie\u0144, posadzek itp.; te\u017c: kolorowe kawa\u0142ki kamieni, szk\u0142a itp., u\u017cywane do uk\u0142adania takich obraz\u00f3w lub wzor\u00f3w\u201d.<\/p>\r\n<p>\r\n\r\n<\/p>\r\n<p>Mozaika przedstawiona w tym wpisie powsta\u0142a podczas d\u0142ugotrwa\u0142ego, wieloetapowego procesu. Pocz\u0105tek stanowi projekt w postaci szczeg\u00f3\u0142owego rysunku z opracowaniem barwnym. Dalej nast\u0119puje precyzyjne wycinanie element\u00f3w w plastrze gliny, kilkutygodniowe suszenie i co najmniej dwukrotny wypa\u0142 w piecu w temperaturze przekraczaj\u0105cej 1000<sup>O<\/sup>C. Barwienie takiej mozaiki to te\u017c proces d\u0142ugotrwa\u0142y i trudny ze wzgl\u0119du na charakter szkliw tutaj u\u017cywanych . Precyzyjna uk\u0142adanka ceramicznych element\u00f3w sk\u0142adana jest w ostateczn\u0105 ca\u0142o\u015b\u0107 po wielu tygodniach i etapach dopracowywania szczeg\u00f3\u0142\u00f3w. Wi\u0119cej na ten temat zamie\u015bci\u0142am <a href=\"https:\/\/atelierania.pl\/PL\/jak-powstaje-mozaika-ceramiczna\/\">w tym wpisie<\/a>.<\/p>\r\n<p><\/p>\r\n<!-- \/wp:post-content -->","protected":false},"excerpt":{"rendered":"<p>Przedstawienie: Ten Archanio\u0142 Micha\u0142 powsta\u0142 zainspirowany r\u00f3\u017cnymi przedstawieniami ikonograficznymi i \u015bredniowiecznymi mozaikami. Dlatego nosi zbroj\u0119, a we w\u0142osach ma b\u0142\u0119kitn\u0105 przepask\u0119, kt\u00f3ra podtrzymuje ci\u0119\u017ckie z\u0142ote loki. Archanio\u0142a Micha\u0142a szerzej opisa\u0142am w tym wpisie, na moim blogu o Anio\u0142ach, zapraszam. Autor projektu i wykonanie: Anna M\u0105dra Technika wykonania: Mozaika Archanio\u0142 Micha\u0142 to mozaika ceramiczna, kt\u00f3rej elementy&hellip; <\/p>\n","protected":false},"featured_media":5097,"template":"","meta":[],"product_brand":[],"product_cat":[66],"product_tag":[78,76],"class_list":{"0":"post-5095","1":"product","2":"type-product","3":"status-publish","4":"has-post-thumbnail","6":"product_cat-ceramika-od-artysty","7":"product_tag-aniol","8":"product_tag-mozaika","10":"first","11":"instock","12":"sold-individually","13":"taxable","14":"shipping-taxable","15":"purchasable","16":"product-type-simple"},"yoast_head":"<!-- This site is optimized with the Yoast SEO plugin v27.4 - https:\/\/yoast.com\/product\/yoast-seo-wordpress\/ -->\n<title>Archanio\u0142 Micha\u0142 - mozaika ceramiczna - Atelier Ania<\/title>\n<meta name=\"description\" content=\"Archanio\u0142 Micha\u0142, jeden z trzech pot\u0119\u017cnych Anio\u0142\u00f3w. Mozaika ceramiczna, szkliwiona, rozmiar 23x23x3cm. Odwied\u017a...\" \/>\n<meta name=\"robots\" content=\"index, follow, max-snippet:-1, max-image-preview:large, max-video-preview:-1\" \/>\n<link rel=\"canonical\" href=\"https:\/\/atelierania.pl\/PL\/galeria\/archaniol-michal-mozaika-ceramiczna\/\" \/>\n<meta property=\"og:locale\" content=\"pl_PL\" \/>\n<meta property=\"og:type\" content=\"article\" \/>\n<meta property=\"og:title\" content=\"Archanio\u0142 Micha\u0142 - mozaika ceramiczna - Atelier Ania\" \/>\n<meta property=\"og:description\" content=\"Archanio\u0142 Micha\u0142, jeden z trzech pot\u0119\u017cnych Anio\u0142\u00f3w. Mozaika ceramiczna, szkliwiona, rozmiar 23x23x3cm. Odwied\u017a...\" \/>\n<meta property=\"og:url\" content=\"https:\/\/atelierania.pl\/PL\/galeria\/archaniol-michal-mozaika-ceramiczna\/\" \/>\n<meta property=\"og:site_name\" content=\"Atelier Ania\" \/>\n<meta property=\"article:modified_time\" content=\"2025-10-06T09:52:30+00:00\" \/>\n<meta property=\"og:image\" content=\"https:\/\/atelierania.pl\/PL\/wp-content\/uploads\/2023\/02\/archaniol_michael.jpg\" \/>\n\t<meta property=\"og:image:width\" content=\"500\" \/>\n\t<meta property=\"og:image:height\" content=\"500\" \/>\n\t<meta property=\"og:image:type\" content=\"image\/jpeg\" \/>\n<meta name=\"twitter:card\" content=\"summary_large_image\" \/>\n<meta name=\"twitter:label1\" content=\"Szacowany czas czytania\" \/>\n\t<meta name=\"twitter:data1\" content=\"3 minuty\" \/>\n<script type=\"application\/ld+json\" class=\"yoast-schema-graph\">{\"@context\":\"https:\\\/\\\/schema.org\",\"@graph\":[{\"@type\":\"WebPage\",\"@id\":\"https:\\\/\\\/atelierania.pl\\\/PL\\\/galeria\\\/archaniol-michal-mozaika-ceramiczna\\\/\",\"url\":\"https:\\\/\\\/atelierania.pl\\\/PL\\\/galeria\\\/archaniol-michal-mozaika-ceramiczna\\\/\",\"name\":\"Archanio\u0142 Micha\u0142 - mozaika ceramiczna - Atelier Ania\",\"isPartOf\":{\"@id\":\"https:\\\/\\\/atelierania.pl\\\/PL\\\/#website\"},\"primaryImageOfPage\":{\"@id\":\"https:\\\/\\\/atelierania.pl\\\/PL\\\/galeria\\\/archaniol-michal-mozaika-ceramiczna\\\/#primaryimage\"},\"image\":{\"@id\":\"https:\\\/\\\/atelierania.pl\\\/PL\\\/galeria\\\/archaniol-michal-mozaika-ceramiczna\\\/#primaryimage\"},\"thumbnailUrl\":\"https:\\\/\\\/atelierania.pl\\\/PL\\\/wp-content\\\/uploads\\\/2023\\\/02\\\/archaniol_michael.jpg\",\"datePublished\":\"2023-02-05T12:37:00+00:00\",\"dateModified\":\"2025-10-06T09:52:30+00:00\",\"description\":\"Archanio\u0142 Micha\u0142, jeden z trzech pot\u0119\u017cnych Anio\u0142\u00f3w. Mozaika ceramiczna, szkliwiona, rozmiar 23x23x3cm. Odwied\u017a...\",\"breadcrumb\":{\"@id\":\"https:\\\/\\\/atelierania.pl\\\/PL\\\/galeria\\\/archaniol-michal-mozaika-ceramiczna\\\/#breadcrumb\"},\"inLanguage\":\"pl-PL\",\"potentialAction\":[{\"@type\":\"ReadAction\",\"target\":[\"https:\\\/\\\/atelierania.pl\\\/PL\\\/galeria\\\/archaniol-michal-mozaika-ceramiczna\\\/\"]}]},{\"@type\":\"ImageObject\",\"inLanguage\":\"pl-PL\",\"@id\":\"https:\\\/\\\/atelierania.pl\\\/PL\\\/galeria\\\/archaniol-michal-mozaika-ceramiczna\\\/#primaryimage\",\"url\":\"https:\\\/\\\/atelierania.pl\\\/PL\\\/wp-content\\\/uploads\\\/2023\\\/02\\\/archaniol_michael.jpg\",\"contentUrl\":\"https:\\\/\\\/atelierania.pl\\\/PL\\\/wp-content\\\/uploads\\\/2023\\\/02\\\/archaniol_michael.jpg\",\"width\":500,\"height\":500,\"caption\":\"mozaika ceramiczna Archanio\u0142 Micha\u0142\"},{\"@type\":\"BreadcrumbList\",\"@id\":\"https:\\\/\\\/atelierania.pl\\\/PL\\\/galeria\\\/archaniol-michal-mozaika-ceramiczna\\\/#breadcrumb\",\"itemListElement\":[{\"@type\":\"ListItem\",\"position\":1,\"name\":\"Strona g\u0142\u00f3wna\",\"item\":\"https:\\\/\\\/atelierania.pl\\\/PL\\\/\"},{\"@type\":\"ListItem\",\"position\":2,\"name\":\"Archanio\u0142 Micha\u0142 &#8211; mozaika ceramiczna\"}]},{\"@type\":\"WebSite\",\"@id\":\"https:\\\/\\\/atelierania.pl\\\/PL\\\/#website\",\"url\":\"https:\\\/\\\/atelierania.pl\\\/PL\\\/\",\"name\":\"Atelier Ania\",\"description\":\"\",\"publisher\":{\"@id\":\"https:\\\/\\\/atelierania.pl\\\/PL\\\/#organization\"},\"potentialAction\":[{\"@type\":\"SearchAction\",\"target\":{\"@type\":\"EntryPoint\",\"urlTemplate\":\"https:\\\/\\\/atelierania.pl\\\/PL\\\/?s={search_term_string}\"},\"query-input\":{\"@type\":\"PropertyValueSpecification\",\"valueRequired\":true,\"valueName\":\"search_term_string\"}}],\"inLanguage\":\"pl-PL\"},{\"@type\":\"Organization\",\"@id\":\"https:\\\/\\\/atelierania.pl\\\/PL\\\/#organization\",\"name\":\"Atelier Ania\",\"url\":\"https:\\\/\\\/atelierania.pl\\\/PL\\\/\",\"logo\":{\"@type\":\"ImageObject\",\"inLanguage\":\"pl-PL\",\"@id\":\"https:\\\/\\\/atelierania.pl\\\/PL\\\/#\\\/schema\\\/logo\\\/image\\\/\",\"url\":\"https:\\\/\\\/atelierania.pl\\\/PL\\\/wp-content\\\/uploads\\\/2023\\\/03\\\/logo_f.jpg\",\"contentUrl\":\"https:\\\/\\\/atelierania.pl\\\/PL\\\/wp-content\\\/uploads\\\/2023\\\/03\\\/logo_f.jpg\",\"width\":51,\"height\":51,\"caption\":\"Atelier Ania\"},\"image\":{\"@id\":\"https:\\\/\\\/atelierania.pl\\\/PL\\\/#\\\/schema\\\/logo\\\/image\\\/\"}}]}<\/script>\n<!-- \/ Yoast SEO plugin. -->","yoast_head_json":{"title":"Archanio\u0142 Micha\u0142 - mozaika ceramiczna - Atelier Ania","description":"Archanio\u0142 Micha\u0142, jeden z trzech pot\u0119\u017cnych Anio\u0142\u00f3w. Mozaika ceramiczna, szkliwiona, rozmiar 23x23x3cm. Odwied\u017a...","robots":{"index":"index","follow":"follow","max-snippet":"max-snippet:-1","max-image-preview":"max-image-preview:large","max-video-preview":"max-video-preview:-1"},"canonical":"https:\/\/atelierania.pl\/PL\/galeria\/archaniol-michal-mozaika-ceramiczna\/","og_locale":"pl_PL","og_type":"article","og_title":"Archanio\u0142 Micha\u0142 - mozaika ceramiczna - Atelier Ania","og_description":"Archanio\u0142 Micha\u0142, jeden z trzech pot\u0119\u017cnych Anio\u0142\u00f3w. Mozaika ceramiczna, szkliwiona, rozmiar 23x23x3cm. Odwied\u017a...","og_url":"https:\/\/atelierania.pl\/PL\/galeria\/archaniol-michal-mozaika-ceramiczna\/","og_site_name":"Atelier Ania","article_modified_time":"2025-10-06T09:52:30+00:00","og_image":[{"width":500,"height":500,"url":"https:\/\/atelierania.pl\/PL\/wp-content\/uploads\/2023\/02\/archaniol_michael.jpg","type":"image\/jpeg"}],"twitter_card":"summary_large_image","twitter_misc":{"Szacowany czas czytania":"3 minuty"},"schema":{"@context":"https:\/\/schema.org","@graph":[{"@type":"WebPage","@id":"https:\/\/atelierania.pl\/PL\/galeria\/archaniol-michal-mozaika-ceramiczna\/","url":"https:\/\/atelierania.pl\/PL\/galeria\/archaniol-michal-mozaika-ceramiczna\/","name":"Archanio\u0142 Micha\u0142 - mozaika ceramiczna - Atelier Ania","isPartOf":{"@id":"https:\/\/atelierania.pl\/PL\/#website"},"primaryImageOfPage":{"@id":"https:\/\/atelierania.pl\/PL\/galeria\/archaniol-michal-mozaika-ceramiczna\/#primaryimage"},"image":{"@id":"https:\/\/atelierania.pl\/PL\/galeria\/archaniol-michal-mozaika-ceramiczna\/#primaryimage"},"thumbnailUrl":"https:\/\/atelierania.pl\/PL\/wp-content\/uploads\/2023\/02\/archaniol_michael.jpg","datePublished":"2023-02-05T12:37:00+00:00","dateModified":"2025-10-06T09:52:30+00:00","description":"Archanio\u0142 Micha\u0142, jeden z trzech pot\u0119\u017cnych Anio\u0142\u00f3w. Mozaika ceramiczna, szkliwiona, rozmiar 23x23x3cm. Odwied\u017a...","breadcrumb":{"@id":"https:\/\/atelierania.pl\/PL\/galeria\/archaniol-michal-mozaika-ceramiczna\/#breadcrumb"},"inLanguage":"pl-PL","potentialAction":[{"@type":"ReadAction","target":["https:\/\/atelierania.pl\/PL\/galeria\/archaniol-michal-mozaika-ceramiczna\/"]}]},{"@type":"ImageObject","inLanguage":"pl-PL","@id":"https:\/\/atelierania.pl\/PL\/galeria\/archaniol-michal-mozaika-ceramiczna\/#primaryimage","url":"https:\/\/atelierania.pl\/PL\/wp-content\/uploads\/2023\/02\/archaniol_michael.jpg","contentUrl":"https:\/\/atelierania.pl\/PL\/wp-content\/uploads\/2023\/02\/archaniol_michael.jpg","width":500,"height":500,"caption":"mozaika ceramiczna Archanio\u0142 Micha\u0142"},{"@type":"BreadcrumbList","@id":"https:\/\/atelierania.pl\/PL\/galeria\/archaniol-michal-mozaika-ceramiczna\/#breadcrumb","itemListElement":[{"@type":"ListItem","position":1,"name":"Strona g\u0142\u00f3wna","item":"https:\/\/atelierania.pl\/PL\/"},{"@type":"ListItem","position":2,"name":"Archanio\u0142 Micha\u0142 &#8211; mozaika ceramiczna"}]},{"@type":"WebSite","@id":"https:\/\/atelierania.pl\/PL\/#website","url":"https:\/\/atelierania.pl\/PL\/","name":"Atelier Ania","description":"","publisher":{"@id":"https:\/\/atelierania.pl\/PL\/#organization"},"potentialAction":[{"@type":"SearchAction","target":{"@type":"EntryPoint","urlTemplate":"https:\/\/atelierania.pl\/PL\/?s={search_term_string}"},"query-input":{"@type":"PropertyValueSpecification","valueRequired":true,"valueName":"search_term_string"}}],"inLanguage":"pl-PL"},{"@type":"Organization","@id":"https:\/\/atelierania.pl\/PL\/#organization","name":"Atelier Ania","url":"https:\/\/atelierania.pl\/PL\/","logo":{"@type":"ImageObject","inLanguage":"pl-PL","@id":"https:\/\/atelierania.pl\/PL\/#\/schema\/logo\/image\/","url":"https:\/\/atelierania.pl\/PL\/wp-content\/uploads\/2023\/03\/logo_f.jpg","contentUrl":"https:\/\/atelierania.pl\/PL\/wp-content\/uploads\/2023\/03\/logo_f.jpg","width":51,"height":51,"caption":"Atelier Ania"},"image":{"@id":"https:\/\/atelierania.pl\/PL\/#\/schema\/logo\/image\/"}}]}},"_links":{"self":[{"href":"https:\/\/atelierania.pl\/PL\/wp-json\/wp\/v2\/product\/5095","targetHints":{"allow":["GET"]}}],"collection":[{"href":"https:\/\/atelierania.pl\/PL\/wp-json\/wp\/v2\/product"}],"about":[{"href":"https:\/\/atelierania.pl\/PL\/wp-json\/wp\/v2\/types\/product"}],"version-history":[{"count":2,"href":"https:\/\/atelierania.pl\/PL\/wp-json\/wp\/v2\/product\/5095\/revisions"}],"predecessor-version":[{"id":5099,"href":"https:\/\/atelierania.pl\/PL\/wp-json\/wp\/v2\/product\/5095\/revisions\/5099"}],"wp:featuredmedia":[{"embeddable":true,"href":"https:\/\/atelierania.pl\/PL\/wp-json\/wp\/v2\/media\/5097"}],"wp:attachment":[{"href":"https:\/\/atelierania.pl\/PL\/wp-json\/wp\/v2\/media?parent=5095"}],"wp:term":[{"taxonomy":"product_brand","embeddable":true,"href":"https:\/\/atelierania.pl\/PL\/wp-json\/wp\/v2\/product_brand?post=5095"},{"taxonomy":"product_cat","embeddable":true,"href":"https:\/\/atelierania.pl\/PL\/wp-json\/wp\/v2\/product_cat?post=5095"},{"taxonomy":"product_tag","embeddable":true,"href":"https:\/\/atelierania.pl\/PL\/wp-json\/wp\/v2\/product_tag?post=5095"}],"curies":[{"name":"wp","href":"https:\/\/api.w.org\/{rel}","templated":true}]}}