{"id":5692,"date":"2024-01-23T14:55:15","date_gmt":"2024-01-23T14:55:15","guid":{"rendered":"https:\/\/atelierania.pl\/PL\/?post_type=product&#038;p=5692"},"modified":"2025-10-06T11:03:35","modified_gmt":"2025-10-06T11:03:35","slug":"aniol-cisza","status":"publish","type":"product","link":"https:\/\/atelierania.pl\/PL\/galeria\/aniol-cisza\/","title":{"rendered":"Anio\u0142 CISZA rze\u017aba ceramiczna"},"content":{"rendered":"\t\t<div data-elementor-type=\"wp-post\" data-elementor-id=\"5692\" class=\"elementor elementor-5692\">\n\t\t\t\t\t\t<section class=\"elementor-section elementor-top-section elementor-element elementor-element-45576f8 elementor-section-boxed elementor-section-height-default elementor-section-height-default\" data-id=\"45576f8\" data-element_type=\"section\" data-e-type=\"section\">\n\t\t\t\t\t\t<div class=\"elementor-container elementor-column-gap-default\">\n\t\t\t\t\t<div class=\"elementor-column elementor-col-100 elementor-top-column elementor-element elementor-element-fe6218b\" data-id=\"fe6218b\" data-element_type=\"column\" data-e-type=\"column\">\n\t\t\t<div class=\"elementor-widget-wrap elementor-element-populated\">\n\t\t\t\t\t\t<div class=\"elementor-element elementor-element-14ea773 elementor-widget elementor-widget-image-gallery\" data-id=\"14ea773\" data-element_type=\"widget\" data-e-type=\"widget\" data-widget_type=\"image-gallery.default\">\n\t\t\t\t<div class=\"elementor-widget-container\">\n\t\t\t\t\t\t\t<div class=\"elementor-image-gallery\">\n\t\t\t<div id='gallery-1' class='gallery galleryid-5692 gallery-columns-4 gallery-size-thumbnail'><figure class='gallery-item'>\n\t\t\t<div class='gallery-icon landscape'>\n\t\t\t\t<a data-elementor-open-lightbox=\"yes\" data-elementor-lightbox-slideshow=\"14ea773\" data-elementor-lightbox-title=\"aniol_cisza_1\" data-elementor-lightbox-description=\"rze\u017aba ceramiczna przedstawiaj\u0105ca posta\u0107 anio\u0142a o imieniu CISZA\" data-e-action-hash=\"#elementor-action%3Aaction%3Dlightbox%26settings%3DeyJpZCI6NTY5MywidXJsIjoiaHR0cHM6XC9cL2F0ZWxpZXJhbmlhLnBsXC9QTFwvd3AtY29udGVudFwvdXBsb2Fkc1wvMjAyNFwvMDFcL2FuaW9sX3NpbGVtbmNlXzEucG5nIiwic2xpZGVzaG93IjoiMTRlYTc3MyJ9\" href='https:\/\/atelierania.pl\/PL\/wp-content\/uploads\/2024\/01\/aniol_silemnce_1.png'><img decoding=\"async\" width=\"150\" height=\"150\" src=\"https:\/\/atelierania.pl\/PL\/wp-content\/uploads\/2024\/01\/aniol_silemnce_1-150x150.png\" class=\"attachment-thumbnail size-thumbnail\" alt=\"rze\u017aba ceramiczna przedstawiaj\u0105ca posta\u0107 anio\u0142a o imieniu CISZA\" srcset=\"https:\/\/atelierania.pl\/PL\/wp-content\/uploads\/2024\/01\/aniol_silemnce_1-150x150.png 150w, https:\/\/atelierania.pl\/PL\/wp-content\/uploads\/2024\/01\/aniol_silemnce_1-600x600.png 600w, https:\/\/atelierania.pl\/PL\/wp-content\/uploads\/2024\/01\/aniol_silemnce_1-100x100.png 100w, https:\/\/atelierania.pl\/PL\/wp-content\/uploads\/2024\/01\/aniol_silemnce_1-300x300.png 300w, https:\/\/atelierania.pl\/PL\/wp-content\/uploads\/2024\/01\/aniol_silemnce_1-1024x1024.png 1024w, https:\/\/atelierania.pl\/PL\/wp-content\/uploads\/2024\/01\/aniol_silemnce_1-768x768.png 768w, https:\/\/atelierania.pl\/PL\/wp-content\/uploads\/2024\/01\/aniol_silemnce_1.png 1080w\" sizes=\"(max-width: 150px) 100vw, 150px\" \/><\/a>\n\t\t\t<\/div><\/figure><figure class='gallery-item'>\n\t\t\t<div class='gallery-icon landscape'>\n\t\t\t\t<a data-elementor-open-lightbox=\"yes\" data-elementor-lightbox-slideshow=\"14ea773\" data-elementor-lightbox-title=\"aniol_cisza_2\" data-elementor-lightbox-description=\"rze\u017aba ceramiczna przedstawiaj\u0105ca posta\u0107 anio\u0142a o imieniu CISZA\" data-e-action-hash=\"#elementor-action%3Aaction%3Dlightbox%26settings%3DeyJpZCI6NTY5NCwidXJsIjoiaHR0cHM6XC9cL2F0ZWxpZXJhbmlhLnBsXC9QTFwvd3AtY29udGVudFwvdXBsb2Fkc1wvMjAyNFwvMDFcL2FuaW9sX3NpbGVtbmNlXzIucG5nIiwic2xpZGVzaG93IjoiMTRlYTc3MyJ9\" href='https:\/\/atelierania.pl\/PL\/wp-content\/uploads\/2024\/01\/aniol_silemnce_2.png'><img decoding=\"async\" width=\"150\" height=\"150\" src=\"https:\/\/atelierania.pl\/PL\/wp-content\/uploads\/2024\/01\/aniol_silemnce_2-150x150.png\" class=\"attachment-thumbnail size-thumbnail\" alt=\"rze\u017aba ceramiczna przedstawiaj\u0105ca posta\u0107 anio\u0142a o imieniu CISZA\" srcset=\"https:\/\/atelierania.pl\/PL\/wp-content\/uploads\/2024\/01\/aniol_silemnce_2-150x150.png 150w, https:\/\/atelierania.pl\/PL\/wp-content\/uploads\/2024\/01\/aniol_silemnce_2-600x600.png 600w, https:\/\/atelierania.pl\/PL\/wp-content\/uploads\/2024\/01\/aniol_silemnce_2-100x100.png 100w, https:\/\/atelierania.pl\/PL\/wp-content\/uploads\/2024\/01\/aniol_silemnce_2-300x300.png 300w, https:\/\/atelierania.pl\/PL\/wp-content\/uploads\/2024\/01\/aniol_silemnce_2-1024x1024.png 1024w, https:\/\/atelierania.pl\/PL\/wp-content\/uploads\/2024\/01\/aniol_silemnce_2-768x768.png 768w, https:\/\/atelierania.pl\/PL\/wp-content\/uploads\/2024\/01\/aniol_silemnce_2.png 1080w\" sizes=\"(max-width: 150px) 100vw, 150px\" \/><\/a>\n\t\t\t<\/div><\/figure><figure class='gallery-item'>\n\t\t\t<div class='gallery-icon landscape'>\n\t\t\t\t<a data-elementor-open-lightbox=\"yes\" data-elementor-lightbox-slideshow=\"14ea773\" data-elementor-lightbox-title=\"aniol_cisza_5\" data-elementor-lightbox-description=\"rze\u017aba ceramiczna przedstawiaj\u0105ca posta\u0107 anio\u0142a o imieniu CISZA\" data-e-action-hash=\"#elementor-action%3Aaction%3Dlightbox%26settings%3DeyJpZCI6NTY5OCwidXJsIjoiaHR0cHM6XC9cL2F0ZWxpZXJhbmlhLnBsXC9QTFwvd3AtY29udGVudFwvdXBsb2Fkc1wvMjAyNFwvMDFcL2FuaW9sX3NpbGVtbmNlXzUucG5nIiwic2xpZGVzaG93IjoiMTRlYTc3MyJ9\" href='https:\/\/atelierania.pl\/PL\/wp-content\/uploads\/2024\/01\/aniol_silemnce_5.png'><img decoding=\"async\" width=\"150\" height=\"150\" src=\"https:\/\/atelierania.pl\/PL\/wp-content\/uploads\/2024\/01\/aniol_silemnce_5-150x150.png\" class=\"attachment-thumbnail size-thumbnail\" alt=\"rze\u017aba ceramiczna przedstawiaj\u0105ca posta\u0107 anio\u0142a o imieniu CISZA\" srcset=\"https:\/\/atelierania.pl\/PL\/wp-content\/uploads\/2024\/01\/aniol_silemnce_5-150x150.png 150w, https:\/\/atelierania.pl\/PL\/wp-content\/uploads\/2024\/01\/aniol_silemnce_5-600x600.png 600w, https:\/\/atelierania.pl\/PL\/wp-content\/uploads\/2024\/01\/aniol_silemnce_5-100x100.png 100w, https:\/\/atelierania.pl\/PL\/wp-content\/uploads\/2024\/01\/aniol_silemnce_5-300x300.png 300w, https:\/\/atelierania.pl\/PL\/wp-content\/uploads\/2024\/01\/aniol_silemnce_5-1024x1024.png 1024w, https:\/\/atelierania.pl\/PL\/wp-content\/uploads\/2024\/01\/aniol_silemnce_5-768x768.png 768w, https:\/\/atelierania.pl\/PL\/wp-content\/uploads\/2024\/01\/aniol_silemnce_5.png 1080w\" sizes=\"(max-width: 150px) 100vw, 150px\" \/><\/a>\n\t\t\t<\/div><\/figure>\n\t\t<\/div>\n\t\t<\/div>\n\t\t\t\t\t\t<\/div>\n\t\t\t\t<\/div>\n\t\t\t\t\t<\/div>\n\t\t<\/div>\n\t\t\t\t\t<\/div>\n\t\t<\/section>\n\t\t\t\t<section class=\"elementor-section elementor-top-section elementor-element elementor-element-2250db3 elementor-section-boxed elementor-section-height-default elementor-section-height-default\" data-id=\"2250db3\" data-element_type=\"section\" data-e-type=\"section\">\n\t\t\t\t\t\t<div class=\"elementor-container elementor-column-gap-default\">\n\t\t\t\t\t<div class=\"elementor-column elementor-col-100 elementor-top-column elementor-element elementor-element-e8451b7\" data-id=\"e8451b7\" data-element_type=\"column\" data-e-type=\"column\">\n\t\t\t<div class=\"elementor-widget-wrap elementor-element-populated\">\n\t\t\t\t\t\t<div class=\"elementor-element elementor-element-21997b0 elementor-widget elementor-widget-image\" data-id=\"21997b0\" data-element_type=\"widget\" data-e-type=\"widget\" data-widget_type=\"image.default\">\n\t\t\t\t<div class=\"elementor-widget-container\">\n\t\t\t\t\t\t\t\t\t\t\t\t\t\t\t<img decoding=\"async\" src=\"https:\/\/atelierania.pl\/PL\/wp-content\/uploads\/2024\/01\/aniol_silemnce_4.png\" title=\"\" alt=\"rze\u017aba ceramiczna przedstawiaj\u0105ca posta\u0107 anio\u0142a o imieniu CISZA\" loading=\"lazy\" \/>\t\t\t\t\t\t\t\t\t\t\t\t\t\t\t<\/div>\n\t\t\t\t<\/div>\n\t\t\t\t\t<\/div>\n\t\t<\/div>\n\t\t\t\t\t<\/div>\n\t\t<\/section>\n\t\t\t\t<section class=\"elementor-section elementor-top-section elementor-element elementor-element-5e6d85b elementor-section-boxed elementor-section-height-default elementor-section-height-default\" data-id=\"5e6d85b\" data-element_type=\"section\" data-e-type=\"section\">\n\t\t\t\t\t\t<div class=\"elementor-container elementor-column-gap-default\">\n\t\t\t\t\t<div class=\"elementor-column elementor-col-33 elementor-top-column elementor-element elementor-element-54b5c77\" data-id=\"54b5c77\" data-element_type=\"column\" data-e-type=\"column\">\n\t\t\t<div class=\"elementor-widget-wrap elementor-element-populated\">\n\t\t\t\t\t\t<div class=\"elementor-element elementor-element-7ce58cc elementor-widget elementor-widget-heading\" data-id=\"7ce58cc\" data-element_type=\"widget\" data-e-type=\"widget\" data-widget_type=\"heading.default\">\n\t\t\t\t<div class=\"elementor-widget-container\">\n\t\t\t\t\t<h2 class=\"elementor-heading-title elementor-size-default\">Opis<\/h2>\t\t\t\t<\/div>\n\t\t\t\t<\/div>\n\t\t\t\t\t<\/div>\n\t\t<\/div>\n\t\t\t\t<div class=\"elementor-column elementor-col-66 elementor-top-column elementor-element elementor-element-b662aff\" data-id=\"b662aff\" data-element_type=\"column\" data-e-type=\"column\">\n\t\t\t<div class=\"elementor-widget-wrap elementor-element-populated\">\n\t\t\t\t\t\t<div class=\"elementor-element elementor-element-a2f61f3 elementor-widget elementor-widget-text-editor\" data-id=\"a2f61f3\" data-element_type=\"widget\" data-e-type=\"widget\" data-widget_type=\"text-editor.default\">\n\t\t\t\t<div class=\"elementor-widget-container\">\n\t\t\t\t\t\t\t\t\t<p>rze\u017aba ceramiczna przedstawiaj\u0105ca posta\u0107 anio\u0142a o imieniu CISZA. Element kolekcji CZ\u0141OWIECZE\u0143STWO<\/p><p>Wysoko\u015b\u0107 rze\u017aby: 35cm.<\/p>\t\t\t\t\t\t\t\t<\/div>\n\t\t\t\t<\/div>\n\t\t\t\t\t<\/div>\n\t\t<\/div>\n\t\t\t\t\t<\/div>\n\t\t<\/section>\n\t\t\t\t<\/div>\n\t\t","protected":false},"excerpt":{"rendered":"<p>Opis rze\u017aba ceramiczna przedstawiaj\u0105ca posta\u0107 anio\u0142a o imieniu CISZA. Element kolekcji CZ\u0141OWIECZE\u0143STWO Wysoko\u015b\u0107 rze\u017aby: 35cm.<\/p>\n","protected":false},"featured_media":5693,"template":"","meta":[],"product_brand":[],"product_cat":[93],"product_tag":[78,94,95],"class_list":{"0":"post-5692","1":"product","2":"type-product","3":"status-publish","4":"has-post-thumbnail","6":"product_cat-kolekcja-czlowieczenstwo","7":"product_tag-aniol","8":"product_tag-kolekcja-czlowieczenstwo","9":"product_tag-rzezba-ceramiczna","11":"first","12":"instock","13":"sold-individually","14":"purchasable","15":"product-type-simple"},"yoast_head":"<!-- This site is optimized with the Yoast SEO plugin v27.4 - https:\/\/yoast.com\/product\/yoast-seo-wordpress\/ -->\n<title>Anio\u0142 CISZA rze\u017aba ceramiczna - Atelier Ania<\/title>\n<meta name=\"description\" content=\"rze\u017aba ceramiczna przedstawiaj\u0105ca posta\u0107 anio\u0142a o imieniu CISZA. Rze\u017aba jest cz\u0119\u015bci\u0105 wi\u0119kszej kolekcji pt. CZ\u0141OWIECZE\u0143STWO.\" \/>\n<meta name=\"robots\" content=\"index, follow, max-snippet:-1, max-image-preview:large, max-video-preview:-1\" \/>\n<link rel=\"canonical\" href=\"https:\/\/atelierania.pl\/PL\/galeria\/aniol-cisza\/\" \/>\n<meta property=\"og:locale\" content=\"pl_PL\" \/>\n<meta property=\"og:type\" content=\"article\" \/>\n<meta property=\"og:title\" content=\"Anio\u0142 CISZA rze\u017aba ceramiczna - Atelier Ania\" \/>\n<meta property=\"og:description\" content=\"rze\u017aba ceramiczna przedstawiaj\u0105ca posta\u0107 anio\u0142a o imieniu CISZA. Rze\u017aba jest cz\u0119\u015bci\u0105 wi\u0119kszej kolekcji pt. CZ\u0141OWIECZE\u0143STWO.\" \/>\n<meta property=\"og:url\" content=\"https:\/\/atelierania.pl\/PL\/galeria\/aniol-cisza\/\" \/>\n<meta property=\"og:site_name\" content=\"Atelier Ania\" \/>\n<meta property=\"article:modified_time\" content=\"2025-10-06T11:03:35+00:00\" \/>\n<meta property=\"og:image\" content=\"https:\/\/atelierania.pl\/PL\/wp-content\/uploads\/2024\/01\/aniol_silemnce_1.png\" \/>\n\t<meta property=\"og:image:width\" content=\"1080\" \/>\n\t<meta property=\"og:image:height\" content=\"1080\" \/>\n\t<meta property=\"og:image:type\" content=\"image\/png\" \/>\n<meta name=\"twitter:card\" content=\"summary_large_image\" \/>\n<meta name=\"twitter:label1\" content=\"Szacowany czas czytania\" \/>\n\t<meta name=\"twitter:data1\" content=\"1 minuta\" \/>\n<script type=\"application\/ld+json\" class=\"yoast-schema-graph\">{\"@context\":\"https:\\\/\\\/schema.org\",\"@graph\":[{\"@type\":\"WebPage\",\"@id\":\"https:\\\/\\\/atelierania.pl\\\/PL\\\/galeria\\\/aniol-cisza\\\/\",\"url\":\"https:\\\/\\\/atelierania.pl\\\/PL\\\/galeria\\\/aniol-cisza\\\/\",\"name\":\"Anio\u0142 CISZA rze\u017aba ceramiczna - Atelier Ania\",\"isPartOf\":{\"@id\":\"https:\\\/\\\/atelierania.pl\\\/PL\\\/#website\"},\"primaryImageOfPage\":{\"@id\":\"https:\\\/\\\/atelierania.pl\\\/PL\\\/galeria\\\/aniol-cisza\\\/#primaryimage\"},\"image\":{\"@id\":\"https:\\\/\\\/atelierania.pl\\\/PL\\\/galeria\\\/aniol-cisza\\\/#primaryimage\"},\"thumbnailUrl\":\"https:\\\/\\\/atelierania.pl\\\/PL\\\/wp-content\\\/uploads\\\/2024\\\/01\\\/aniol_silemnce_1.png\",\"datePublished\":\"2024-01-23T14:55:15+00:00\",\"dateModified\":\"2025-10-06T11:03:35+00:00\",\"description\":\"rze\u017aba ceramiczna przedstawiaj\u0105ca posta\u0107 anio\u0142a o imieniu CISZA. Rze\u017aba jest cz\u0119\u015bci\u0105 wi\u0119kszej kolekcji pt. CZ\u0141OWIECZE\u0143STWO.\",\"breadcrumb\":{\"@id\":\"https:\\\/\\\/atelierania.pl\\\/PL\\\/galeria\\\/aniol-cisza\\\/#breadcrumb\"},\"inLanguage\":\"pl-PL\",\"potentialAction\":[{\"@type\":\"ReadAction\",\"target\":[\"https:\\\/\\\/atelierania.pl\\\/PL\\\/galeria\\\/aniol-cisza\\\/\"]}]},{\"@type\":\"ImageObject\",\"inLanguage\":\"pl-PL\",\"@id\":\"https:\\\/\\\/atelierania.pl\\\/PL\\\/galeria\\\/aniol-cisza\\\/#primaryimage\",\"url\":\"https:\\\/\\\/atelierania.pl\\\/PL\\\/wp-content\\\/uploads\\\/2024\\\/01\\\/aniol_silemnce_1.png\",\"contentUrl\":\"https:\\\/\\\/atelierania.pl\\\/PL\\\/wp-content\\\/uploads\\\/2024\\\/01\\\/aniol_silemnce_1.png\",\"width\":1080,\"height\":1080,\"caption\":\"rze\u017aba ceramiczna przedstawiaj\u0105ca posta\u0107 anio\u0142a o imieniu CISZA\"},{\"@type\":\"BreadcrumbList\",\"@id\":\"https:\\\/\\\/atelierania.pl\\\/PL\\\/galeria\\\/aniol-cisza\\\/#breadcrumb\",\"itemListElement\":[{\"@type\":\"ListItem\",\"position\":1,\"name\":\"Strona g\u0142\u00f3wna\",\"item\":\"https:\\\/\\\/atelierania.pl\\\/PL\\\/\"},{\"@type\":\"ListItem\",\"position\":2,\"name\":\"Anio\u0142 CISZA rze\u017aba ceramiczna\"}]},{\"@type\":\"WebSite\",\"@id\":\"https:\\\/\\\/atelierania.pl\\\/PL\\\/#website\",\"url\":\"https:\\\/\\\/atelierania.pl\\\/PL\\\/\",\"name\":\"Atelier Ania\",\"description\":\"\",\"publisher\":{\"@id\":\"https:\\\/\\\/atelierania.pl\\\/PL\\\/#organization\"},\"potentialAction\":[{\"@type\":\"SearchAction\",\"target\":{\"@type\":\"EntryPoint\",\"urlTemplate\":\"https:\\\/\\\/atelierania.pl\\\/PL\\\/?s={search_term_string}\"},\"query-input\":{\"@type\":\"PropertyValueSpecification\",\"valueRequired\":true,\"valueName\":\"search_term_string\"}}],\"inLanguage\":\"pl-PL\"},{\"@type\":\"Organization\",\"@id\":\"https:\\\/\\\/atelierania.pl\\\/PL\\\/#organization\",\"name\":\"Atelier Ania\",\"url\":\"https:\\\/\\\/atelierania.pl\\\/PL\\\/\",\"logo\":{\"@type\":\"ImageObject\",\"inLanguage\":\"pl-PL\",\"@id\":\"https:\\\/\\\/atelierania.pl\\\/PL\\\/#\\\/schema\\\/logo\\\/image\\\/\",\"url\":\"https:\\\/\\\/atelierania.pl\\\/PL\\\/wp-content\\\/uploads\\\/2023\\\/03\\\/logo_f.jpg\",\"contentUrl\":\"https:\\\/\\\/atelierania.pl\\\/PL\\\/wp-content\\\/uploads\\\/2023\\\/03\\\/logo_f.jpg\",\"width\":51,\"height\":51,\"caption\":\"Atelier Ania\"},\"image\":{\"@id\":\"https:\\\/\\\/atelierania.pl\\\/PL\\\/#\\\/schema\\\/logo\\\/image\\\/\"}}]}<\/script>\n<!-- \/ Yoast SEO plugin. -->","yoast_head_json":{"title":"Anio\u0142 CISZA rze\u017aba ceramiczna - Atelier Ania","description":"rze\u017aba ceramiczna przedstawiaj\u0105ca posta\u0107 anio\u0142a o imieniu CISZA. Rze\u017aba jest cz\u0119\u015bci\u0105 wi\u0119kszej kolekcji pt. CZ\u0141OWIECZE\u0143STWO.","robots":{"index":"index","follow":"follow","max-snippet":"max-snippet:-1","max-image-preview":"max-image-preview:large","max-video-preview":"max-video-preview:-1"},"canonical":"https:\/\/atelierania.pl\/PL\/galeria\/aniol-cisza\/","og_locale":"pl_PL","og_type":"article","og_title":"Anio\u0142 CISZA rze\u017aba ceramiczna - Atelier Ania","og_description":"rze\u017aba ceramiczna przedstawiaj\u0105ca posta\u0107 anio\u0142a o imieniu CISZA. Rze\u017aba jest cz\u0119\u015bci\u0105 wi\u0119kszej kolekcji pt. CZ\u0141OWIECZE\u0143STWO.","og_url":"https:\/\/atelierania.pl\/PL\/galeria\/aniol-cisza\/","og_site_name":"Atelier Ania","article_modified_time":"2025-10-06T11:03:35+00:00","og_image":[{"width":1080,"height":1080,"url":"https:\/\/atelierania.pl\/PL\/wp-content\/uploads\/2024\/01\/aniol_silemnce_1.png","type":"image\/png"}],"twitter_card":"summary_large_image","twitter_misc":{"Szacowany czas czytania":"1 minuta"},"schema":{"@context":"https:\/\/schema.org","@graph":[{"@type":"WebPage","@id":"https:\/\/atelierania.pl\/PL\/galeria\/aniol-cisza\/","url":"https:\/\/atelierania.pl\/PL\/galeria\/aniol-cisza\/","name":"Anio\u0142 CISZA rze\u017aba ceramiczna - Atelier Ania","isPartOf":{"@id":"https:\/\/atelierania.pl\/PL\/#website"},"primaryImageOfPage":{"@id":"https:\/\/atelierania.pl\/PL\/galeria\/aniol-cisza\/#primaryimage"},"image":{"@id":"https:\/\/atelierania.pl\/PL\/galeria\/aniol-cisza\/#primaryimage"},"thumbnailUrl":"https:\/\/atelierania.pl\/PL\/wp-content\/uploads\/2024\/01\/aniol_silemnce_1.png","datePublished":"2024-01-23T14:55:15+00:00","dateModified":"2025-10-06T11:03:35+00:00","description":"rze\u017aba ceramiczna przedstawiaj\u0105ca posta\u0107 anio\u0142a o imieniu CISZA. Rze\u017aba jest cz\u0119\u015bci\u0105 wi\u0119kszej kolekcji pt. CZ\u0141OWIECZE\u0143STWO.","breadcrumb":{"@id":"https:\/\/atelierania.pl\/PL\/galeria\/aniol-cisza\/#breadcrumb"},"inLanguage":"pl-PL","potentialAction":[{"@type":"ReadAction","target":["https:\/\/atelierania.pl\/PL\/galeria\/aniol-cisza\/"]}]},{"@type":"ImageObject","inLanguage":"pl-PL","@id":"https:\/\/atelierania.pl\/PL\/galeria\/aniol-cisza\/#primaryimage","url":"https:\/\/atelierania.pl\/PL\/wp-content\/uploads\/2024\/01\/aniol_silemnce_1.png","contentUrl":"https:\/\/atelierania.pl\/PL\/wp-content\/uploads\/2024\/01\/aniol_silemnce_1.png","width":1080,"height":1080,"caption":"rze\u017aba ceramiczna przedstawiaj\u0105ca posta\u0107 anio\u0142a o imieniu CISZA"},{"@type":"BreadcrumbList","@id":"https:\/\/atelierania.pl\/PL\/galeria\/aniol-cisza\/#breadcrumb","itemListElement":[{"@type":"ListItem","position":1,"name":"Strona g\u0142\u00f3wna","item":"https:\/\/atelierania.pl\/PL\/"},{"@type":"ListItem","position":2,"name":"Anio\u0142 CISZA rze\u017aba ceramiczna"}]},{"@type":"WebSite","@id":"https:\/\/atelierania.pl\/PL\/#website","url":"https:\/\/atelierania.pl\/PL\/","name":"Atelier Ania","description":"","publisher":{"@id":"https:\/\/atelierania.pl\/PL\/#organization"},"potentialAction":[{"@type":"SearchAction","target":{"@type":"EntryPoint","urlTemplate":"https:\/\/atelierania.pl\/PL\/?s={search_term_string}"},"query-input":{"@type":"PropertyValueSpecification","valueRequired":true,"valueName":"search_term_string"}}],"inLanguage":"pl-PL"},{"@type":"Organization","@id":"https:\/\/atelierania.pl\/PL\/#organization","name":"Atelier Ania","url":"https:\/\/atelierania.pl\/PL\/","logo":{"@type":"ImageObject","inLanguage":"pl-PL","@id":"https:\/\/atelierania.pl\/PL\/#\/schema\/logo\/image\/","url":"https:\/\/atelierania.pl\/PL\/wp-content\/uploads\/2023\/03\/logo_f.jpg","contentUrl":"https:\/\/atelierania.pl\/PL\/wp-content\/uploads\/2023\/03\/logo_f.jpg","width":51,"height":51,"caption":"Atelier Ania"},"image":{"@id":"https:\/\/atelierania.pl\/PL\/#\/schema\/logo\/image\/"}}]}},"_links":{"self":[{"href":"https:\/\/atelierania.pl\/PL\/wp-json\/wp\/v2\/product\/5692","targetHints":{"allow":["GET"]}}],"collection":[{"href":"https:\/\/atelierania.pl\/PL\/wp-json\/wp\/v2\/product"}],"about":[{"href":"https:\/\/atelierania.pl\/PL\/wp-json\/wp\/v2\/types\/product"}],"version-history":[{"count":15,"href":"https:\/\/atelierania.pl\/PL\/wp-json\/wp\/v2\/product\/5692\/revisions"}],"predecessor-version":[{"id":5727,"href":"https:\/\/atelierania.pl\/PL\/wp-json\/wp\/v2\/product\/5692\/revisions\/5727"}],"wp:featuredmedia":[{"embeddable":true,"href":"https:\/\/atelierania.pl\/PL\/wp-json\/wp\/v2\/media\/5693"}],"wp:attachment":[{"href":"https:\/\/atelierania.pl\/PL\/wp-json\/wp\/v2\/media?parent=5692"}],"wp:term":[{"taxonomy":"product_brand","embeddable":true,"href":"https:\/\/atelierania.pl\/PL\/wp-json\/wp\/v2\/product_brand?post=5692"},{"taxonomy":"product_cat","embeddable":true,"href":"https:\/\/atelierania.pl\/PL\/wp-json\/wp\/v2\/product_cat?post=5692"},{"taxonomy":"product_tag","embeddable":true,"href":"https:\/\/atelierania.pl\/PL\/wp-json\/wp\/v2\/product_tag?post=5692"}],"curies":[{"name":"wp","href":"https:\/\/api.w.org\/{rel}","templated":true}]}}