{"id":7055,"date":"2025-02-11T14:07:02","date_gmt":"2025-02-11T14:07:02","guid":{"rendered":"https:\/\/atelierania.pl\/PL\/?post_type=product&#038;p=7055"},"modified":"2025-10-06T11:05:21","modified_gmt":"2025-10-06T11:05:21","slug":"mandala-czerwona","status":"publish","type":"product","link":"https:\/\/atelierania.pl\/PL\/galeria\/mandala-czerwona\/","title":{"rendered":"Mandala Czerwona"},"content":{"rendered":"\t\t<div data-elementor-type=\"wp-post\" data-elementor-id=\"7055\" class=\"elementor elementor-7055\">\n\t\t\t\t\t\t<section class=\"elementor-section elementor-top-section elementor-element elementor-element-def296d elementor-section-boxed elementor-section-height-default elementor-section-height-default\" data-id=\"def296d\" data-element_type=\"section\" data-e-type=\"section\">\n\t\t\t\t\t\t<div class=\"elementor-container elementor-column-gap-default\">\n\t\t\t\t\t<div class=\"elementor-column elementor-col-100 elementor-top-column elementor-element elementor-element-9b688df\" data-id=\"9b688df\" data-element_type=\"column\" data-e-type=\"column\">\n\t\t\t<div class=\"elementor-widget-wrap elementor-element-populated\">\n\t\t\t\t\t\t<div class=\"elementor-element elementor-element-b6754c6 gallery-spacing-custom elementor-widget elementor-widget-image-gallery\" data-id=\"b6754c6\" data-element_type=\"widget\" data-e-type=\"widget\" data-widget_type=\"image-gallery.default\">\n\t\t\t\t<div class=\"elementor-widget-container\">\n\t\t\t\t\t\t\t<div class=\"elementor-image-gallery\">\n\t\t\t<div id='gallery-1' class='gallery galleryid-7055 gallery-columns-2 gallery-size-medium_large'><figure class='gallery-item'>\n\t\t\t<div class='gallery-icon landscape'>\n\t\t\t\t<img fetchpriority=\"high\" decoding=\"async\" width=\"730\" height=\"730\" src=\"https:\/\/atelierania.pl\/PL\/wp-content\/uploads\/2025\/02\/czerwona_1-768x768.png\" class=\"attachment-medium_large size-medium_large\" alt=\"mandala czerwona dla czakry podstawy\" srcset=\"https:\/\/atelierania.pl\/PL\/wp-content\/uploads\/2025\/02\/czerwona_1-768x768.png 768w, https:\/\/atelierania.pl\/PL\/wp-content\/uploads\/2025\/02\/czerwona_1-300x300.png 300w, https:\/\/atelierania.pl\/PL\/wp-content\/uploads\/2025\/02\/czerwona_1-1024x1024.png 1024w, https:\/\/atelierania.pl\/PL\/wp-content\/uploads\/2025\/02\/czerwona_1-150x150.png 150w, https:\/\/atelierania.pl\/PL\/wp-content\/uploads\/2025\/02\/czerwona_1-600x600.png 600w, https:\/\/atelierania.pl\/PL\/wp-content\/uploads\/2025\/02\/czerwona_1-100x100.png 100w, https:\/\/atelierania.pl\/PL\/wp-content\/uploads\/2025\/02\/czerwona_1.png 1080w\" sizes=\"(max-width: 730px) 100vw, 730px\" \/>\n\t\t\t<\/div><\/figure><figure class='gallery-item'>\n\t\t\t<div class='gallery-icon landscape'>\n\t\t\t\t<img decoding=\"async\" width=\"730\" height=\"730\" src=\"https:\/\/atelierania.pl\/PL\/wp-content\/uploads\/2025\/02\/czerwona_3-768x768.png\" class=\"attachment-medium_large size-medium_large\" alt=\"mandala czakry podstawy w oprawie\" srcset=\"https:\/\/atelierania.pl\/PL\/wp-content\/uploads\/2025\/02\/czerwona_3-768x768.png 768w, https:\/\/atelierania.pl\/PL\/wp-content\/uploads\/2025\/02\/czerwona_3-300x300.png 300w, https:\/\/atelierania.pl\/PL\/wp-content\/uploads\/2025\/02\/czerwona_3-1024x1024.png 1024w, https:\/\/atelierania.pl\/PL\/wp-content\/uploads\/2025\/02\/czerwona_3-150x150.png 150w, https:\/\/atelierania.pl\/PL\/wp-content\/uploads\/2025\/02\/czerwona_3-600x600.png 600w, https:\/\/atelierania.pl\/PL\/wp-content\/uploads\/2025\/02\/czerwona_3-100x100.png 100w, https:\/\/atelierania.pl\/PL\/wp-content\/uploads\/2025\/02\/czerwona_3.png 1080w\" sizes=\"(max-width: 730px) 100vw, 730px\" \/>\n\t\t\t<\/div><\/figure><figure class='gallery-item'>\n\t\t\t<div class='gallery-icon landscape'>\n\t\t\t\t<img decoding=\"async\" width=\"730\" height=\"730\" src=\"https:\/\/atelierania.pl\/PL\/wp-content\/uploads\/2025\/02\/czerwona_2-768x768.png\" class=\"attachment-medium_large size-medium_large\" alt=\"mandala czakry podstawy w zblizeniu\" srcset=\"https:\/\/atelierania.pl\/PL\/wp-content\/uploads\/2025\/02\/czerwona_2-768x768.png 768w, https:\/\/atelierania.pl\/PL\/wp-content\/uploads\/2025\/02\/czerwona_2-300x300.png 300w, https:\/\/atelierania.pl\/PL\/wp-content\/uploads\/2025\/02\/czerwona_2-1024x1024.png 1024w, https:\/\/atelierania.pl\/PL\/wp-content\/uploads\/2025\/02\/czerwona_2-150x150.png 150w, https:\/\/atelierania.pl\/PL\/wp-content\/uploads\/2025\/02\/czerwona_2-600x600.png 600w, https:\/\/atelierania.pl\/PL\/wp-content\/uploads\/2025\/02\/czerwona_2-100x100.png 100w, https:\/\/atelierania.pl\/PL\/wp-content\/uploads\/2025\/02\/czerwona_2.png 1080w\" sizes=\"(max-width: 730px) 100vw, 730px\" \/>\n\t\t\t<\/div><\/figure><figure class='gallery-item'>\n\t\t\t<div class='gallery-icon landscape'>\n\t\t\t\t<img loading=\"lazy\" decoding=\"async\" width=\"730\" height=\"730\" src=\"https:\/\/atelierania.pl\/PL\/wp-content\/uploads\/2025\/02\/czerwona_4-768x768.png\" class=\"attachment-medium_large size-medium_large\" alt=\"mandala czakry podstawy jako dekoracja biura\" srcset=\"https:\/\/atelierania.pl\/PL\/wp-content\/uploads\/2025\/02\/czerwona_4-768x768.png 768w, https:\/\/atelierania.pl\/PL\/wp-content\/uploads\/2025\/02\/czerwona_4-300x300.png 300w, https:\/\/atelierania.pl\/PL\/wp-content\/uploads\/2025\/02\/czerwona_4-1024x1024.png 1024w, https:\/\/atelierania.pl\/PL\/wp-content\/uploads\/2025\/02\/czerwona_4-150x150.png 150w, https:\/\/atelierania.pl\/PL\/wp-content\/uploads\/2025\/02\/czerwona_4-600x600.png 600w, https:\/\/atelierania.pl\/PL\/wp-content\/uploads\/2025\/02\/czerwona_4-100x100.png 100w, https:\/\/atelierania.pl\/PL\/wp-content\/uploads\/2025\/02\/czerwona_4.png 1080w\" sizes=\"(max-width: 730px) 100vw, 730px\" \/>\n\t\t\t<\/div><\/figure>\n\t\t<\/div>\n\t\t<\/div>\n\t\t\t\t\t\t<\/div>\n\t\t\t\t<\/div>\n\t\t\t\t\t<\/div>\n\t\t<\/div>\n\t\t\t\t\t<\/div>\n\t\t<\/section>\n\t\t\t\t<section class=\"elementor-section elementor-top-section elementor-element elementor-element-9919bdc elementor-section-boxed elementor-section-height-default elementor-section-height-default\" data-id=\"9919bdc\" data-element_type=\"section\" data-e-type=\"section\">\n\t\t\t\t\t\t<div class=\"elementor-container elementor-column-gap-default\">\n\t\t\t\t\t<div class=\"elementor-column elementor-col-100 elementor-top-column elementor-element elementor-element-6b1031dc\" data-id=\"6b1031dc\" data-element_type=\"column\" data-e-type=\"column\">\n\t\t\t<div class=\"elementor-widget-wrap elementor-element-populated\">\n\t\t\t\t\t\t<div class=\"elementor-element elementor-element-26c1e04f elementor-widget elementor-widget-text-editor\" data-id=\"26c1e04f\" data-element_type=\"widget\" data-e-type=\"widget\" data-widget_type=\"text-editor.default\">\n\t\t\t\t<div class=\"elementor-widget-container\">\n\t\t\t\t\t\t\t\t\t\n<figure class=\"wp-block-gallery has-nested-images columns-default is-cropped wp-block-gallery-2 is-layout-flex wp-block-gallery-is-layout-flex\"><\/figure>\n\n<h2 class=\"wp-block-heading\">Przedstawienie mozaiki:<\/h2>\n\n<p>Mandala ceramiczna Czerwona, inspirowana energi\u0105 czakry podstawy. Energia instynktu przetrwania i bezpiecze\u0144stwa.<\/p>\n\n<h2 class=\"wp-block-heading\">Autor projektu i wykonanie:<\/h2>\n\n<p>Anna M\u0105dra<\/p>\n\n<h2 class=\"wp-block-heading\">Technika wykonania:<\/h2>\n\n<p>Mandala Czerwona to mozaika ceramiczna, kt\u00f3rej elementy zosta\u0142y wykonane z bia\u0142ej gliny. Mozaika jest szkliwiona i obstalowana na sklejce grubo\u015bci ok. 6 mm zabezpieczonej lakierobejc\u0105 w kolorze ciemnego orzecha oraz z zamontowanym uchwytem do zawieszenia na \u015bcianie.<\/p>\n\n<h2 class=\"wp-block-heading\">Wymiary:<\/h2>\n\n<p>wysoko\u015b\u0107 x szeroko\u015b\u0107 x grubo\u015b\u0107: (ca) 25 x 25 x 1cm<\/p>\n\n<h2 class=\"wp-block-heading\">Jak powstaje mozaika ceramiczna:<\/h2>\n\n<p>Wed\u0142ug Encyklopedii PWN mozaika to \u201eobraz lub dekoracyjny wz\u00f3r wykonany z drobnych kawa\u0142k\u00f3w kolorowych kamieni, szk\u0142a itp., s\u0142u\u017c\u0105cych jako ozdoba sklepie\u0144, posadzek itp.; te\u017c: kolorowe kawa\u0142ki kamieni, szk\u0142a itp., u\u017cywane do uk\u0142adania takich obraz\u00f3w lub wzor\u00f3w\u201d.<\/p>\n\n<p>Mozaika przedstawiona w tym wpisie powsta\u0142a podczas d\u0142ugotrwa\u0142ego, wieloetapowego procesu. Pocz\u0105tek stanowi projekt w postaci szczeg\u00f3\u0142owego rysunku z opracowaniem barwnym. Dalej nast\u0119puje precyzyjne wycinanie element\u00f3w w plastrze gliny, kilkutygodniowe suszenie i co najmniej dwukrotny wypa\u0142 w piecu w temperaturze przekraczaj\u0105cej 1000<sup>O<\/sup>C. Barwienie takiej mozaiki to te\u017c proces d\u0142ugotrwa\u0142y i trudny ze wzgl\u0119du na charakter szkliw tutaj u\u017cywanych . Precyzyjna uk\u0142adanka ceramicznych element\u00f3w sk\u0142adana jest w ostateczn\u0105 ca\u0142o\u015b\u0107 po wielu tygodniach i etapach dopracowywania szczeg\u00f3\u0142\u00f3w. Wi\u0119cej na ten temat zamie\u015bci\u0142am <a href=\"https:\/\/atelierania.pl\/PL\/jak-powstaje-mozaika-ceramiczna\/\">w tym wpisie<\/a>.<\/p>\n\t\t\t\t\t\t\t\t<\/div>\n\t\t\t\t<\/div>\n\t\t\t\t\t<\/div>\n\t\t<\/div>\n\t\t\t\t\t<\/div>\n\t\t<\/section>\n\t\t\t\t<\/div>\n\t\t","protected":false},"excerpt":{"rendered":"<p>Przedstawienie mozaiki: Mandala ceramiczna Czerwona, inspirowana energi\u0105 czakry podstawy. Energia instynktu przetrwania i bezpiecze\u0144stwa. Autor projektu i wykonanie: Anna M\u0105dra Technika wykonania: Mandala Czerwona to mozaika ceramiczna, kt\u00f3rej elementy zosta\u0142y wykonane z bia\u0142ej gliny. Mozaika jest szkliwiona i obstalowana na sklejce grubo\u015bci ok. 6 mm zabezpieczonej lakierobejc\u0105 w kolorze ciemnego orzecha oraz z zamontowanym uchwytem&hellip; <\/p>\n","protected":false},"featured_media":7060,"template":"","meta":[],"product_brand":[],"product_cat":[66,114],"product_tag":[77,76],"class_list":{"0":"post-7055","1":"product","2":"type-product","3":"status-publish","4":"has-post-thumbnail","6":"product_cat-ceramika-od-artysty","7":"product_cat-kolekcja-mandale","8":"product_tag-mandala","9":"product_tag-mozaika","10":"product_shipping_class-mozaika","12":"first","13":"onbackorder","14":"product-type-simple"},"yoast_head":"<!-- This site is optimized with the Yoast SEO plugin v27.4 - https:\/\/yoast.com\/product\/yoast-seo-wordpress\/ -->\n<title>Mandala Czerwona - Atelier Ania<\/title>\n<meta name=\"description\" content=\"Mandala ceramiczna Czerwona, inspirowana energetyk\u0105 czakry podstawy. Wibruj\u0105ca czerwie\u0144 uziemia, przytula\" \/>\n<meta name=\"robots\" content=\"index, follow, max-snippet:-1, max-image-preview:large, max-video-preview:-1\" \/>\n<link rel=\"canonical\" href=\"https:\/\/atelierania.pl\/PL\/galeria\/mandala-czerwona\/\" \/>\n<meta property=\"og:locale\" content=\"pl_PL\" \/>\n<meta property=\"og:type\" content=\"article\" \/>\n<meta property=\"og:title\" content=\"Mandala Czerwona - Atelier Ania\" \/>\n<meta property=\"og:description\" content=\"Mandala ceramiczna Czerwona, inspirowana energetyk\u0105 czakry podstawy. Wibruj\u0105ca czerwie\u0144 uziemia, przytula\" \/>\n<meta property=\"og:url\" content=\"https:\/\/atelierania.pl\/PL\/galeria\/mandala-czerwona\/\" \/>\n<meta property=\"og:site_name\" content=\"Atelier Ania\" \/>\n<meta property=\"article:modified_time\" content=\"2025-10-06T11:05:21+00:00\" \/>\n<meta property=\"og:image\" content=\"https:\/\/atelierania.pl\/PL\/wp-content\/uploads\/2025\/02\/czerwona_sold-1024x1024.png\" \/>\n\t<meta property=\"og:image:width\" content=\"1024\" \/>\n\t<meta property=\"og:image:height\" content=\"1024\" \/>\n\t<meta property=\"og:image:type\" content=\"image\/png\" \/>\n<meta name=\"twitter:card\" content=\"summary_large_image\" \/>\n<meta name=\"twitter:label1\" content=\"Szacowany czas czytania\" \/>\n\t<meta name=\"twitter:data1\" content=\"2 minuty\" \/>\n<script type=\"application\/ld+json\" class=\"yoast-schema-graph\">{\"@context\":\"https:\\\/\\\/schema.org\",\"@graph\":[{\"@type\":\"WebPage\",\"@id\":\"https:\\\/\\\/atelierania.pl\\\/PL\\\/galeria\\\/mandala-czerwona\\\/\",\"url\":\"https:\\\/\\\/atelierania.pl\\\/PL\\\/galeria\\\/mandala-czerwona\\\/\",\"name\":\"Mandala Czerwona - Atelier Ania\",\"isPartOf\":{\"@id\":\"https:\\\/\\\/atelierania.pl\\\/PL\\\/#website\"},\"primaryImageOfPage\":{\"@id\":\"https:\\\/\\\/atelierania.pl\\\/PL\\\/galeria\\\/mandala-czerwona\\\/#primaryimage\"},\"image\":{\"@id\":\"https:\\\/\\\/atelierania.pl\\\/PL\\\/galeria\\\/mandala-czerwona\\\/#primaryimage\"},\"thumbnailUrl\":\"https:\\\/\\\/atelierania.pl\\\/PL\\\/wp-content\\\/uploads\\\/2025\\\/02\\\/czerwona_sold.png\",\"datePublished\":\"2025-02-11T14:07:02+00:00\",\"dateModified\":\"2025-10-06T11:05:21+00:00\",\"description\":\"Mandala ceramiczna Czerwona, inspirowana energetyk\u0105 czakry podstawy. Wibruj\u0105ca czerwie\u0144 uziemia, przytula\",\"breadcrumb\":{\"@id\":\"https:\\\/\\\/atelierania.pl\\\/PL\\\/galeria\\\/mandala-czerwona\\\/#breadcrumb\"},\"inLanguage\":\"pl-PL\",\"potentialAction\":[{\"@type\":\"ReadAction\",\"target\":[\"https:\\\/\\\/atelierania.pl\\\/PL\\\/galeria\\\/mandala-czerwona\\\/\"]}]},{\"@type\":\"ImageObject\",\"inLanguage\":\"pl-PL\",\"@id\":\"https:\\\/\\\/atelierania.pl\\\/PL\\\/galeria\\\/mandala-czerwona\\\/#primaryimage\",\"url\":\"https:\\\/\\\/atelierania.pl\\\/PL\\\/wp-content\\\/uploads\\\/2025\\\/02\\\/czerwona_sold.png\",\"contentUrl\":\"https:\\\/\\\/atelierania.pl\\\/PL\\\/wp-content\\\/uploads\\\/2025\\\/02\\\/czerwona_sold.png\",\"width\":1080,\"height\":1080,\"caption\":\"mandala czakry podstawy sprzedana\"},{\"@type\":\"BreadcrumbList\",\"@id\":\"https:\\\/\\\/atelierania.pl\\\/PL\\\/galeria\\\/mandala-czerwona\\\/#breadcrumb\",\"itemListElement\":[{\"@type\":\"ListItem\",\"position\":1,\"name\":\"Strona g\u0142\u00f3wna\",\"item\":\"https:\\\/\\\/atelierania.pl\\\/PL\\\/\"},{\"@type\":\"ListItem\",\"position\":2,\"name\":\"Mandala Czerwona\"}]},{\"@type\":\"WebSite\",\"@id\":\"https:\\\/\\\/atelierania.pl\\\/PL\\\/#website\",\"url\":\"https:\\\/\\\/atelierania.pl\\\/PL\\\/\",\"name\":\"Atelier Ania\",\"description\":\"\",\"publisher\":{\"@id\":\"https:\\\/\\\/atelierania.pl\\\/PL\\\/#organization\"},\"potentialAction\":[{\"@type\":\"SearchAction\",\"target\":{\"@type\":\"EntryPoint\",\"urlTemplate\":\"https:\\\/\\\/atelierania.pl\\\/PL\\\/?s={search_term_string}\"},\"query-input\":{\"@type\":\"PropertyValueSpecification\",\"valueRequired\":true,\"valueName\":\"search_term_string\"}}],\"inLanguage\":\"pl-PL\"},{\"@type\":\"Organization\",\"@id\":\"https:\\\/\\\/atelierania.pl\\\/PL\\\/#organization\",\"name\":\"Atelier Ania\",\"url\":\"https:\\\/\\\/atelierania.pl\\\/PL\\\/\",\"logo\":{\"@type\":\"ImageObject\",\"inLanguage\":\"pl-PL\",\"@id\":\"https:\\\/\\\/atelierania.pl\\\/PL\\\/#\\\/schema\\\/logo\\\/image\\\/\",\"url\":\"https:\\\/\\\/atelierania.pl\\\/PL\\\/wp-content\\\/uploads\\\/2023\\\/03\\\/logo_f.jpg\",\"contentUrl\":\"https:\\\/\\\/atelierania.pl\\\/PL\\\/wp-content\\\/uploads\\\/2023\\\/03\\\/logo_f.jpg\",\"width\":51,\"height\":51,\"caption\":\"Atelier Ania\"},\"image\":{\"@id\":\"https:\\\/\\\/atelierania.pl\\\/PL\\\/#\\\/schema\\\/logo\\\/image\\\/\"}}]}<\/script>\n<!-- \/ Yoast SEO plugin. -->","yoast_head_json":{"title":"Mandala Czerwona - Atelier Ania","description":"Mandala ceramiczna Czerwona, inspirowana energetyk\u0105 czakry podstawy. Wibruj\u0105ca czerwie\u0144 uziemia, przytula","robots":{"index":"index","follow":"follow","max-snippet":"max-snippet:-1","max-image-preview":"max-image-preview:large","max-video-preview":"max-video-preview:-1"},"canonical":"https:\/\/atelierania.pl\/PL\/galeria\/mandala-czerwona\/","og_locale":"pl_PL","og_type":"article","og_title":"Mandala Czerwona - Atelier Ania","og_description":"Mandala ceramiczna Czerwona, inspirowana energetyk\u0105 czakry podstawy. Wibruj\u0105ca czerwie\u0144 uziemia, przytula","og_url":"https:\/\/atelierania.pl\/PL\/galeria\/mandala-czerwona\/","og_site_name":"Atelier Ania","article_modified_time":"2025-10-06T11:05:21+00:00","og_image":[{"width":1024,"height":1024,"url":"https:\/\/atelierania.pl\/PL\/wp-content\/uploads\/2025\/02\/czerwona_sold-1024x1024.png","type":"image\/png"}],"twitter_card":"summary_large_image","twitter_misc":{"Szacowany czas czytania":"2 minuty"},"schema":{"@context":"https:\/\/schema.org","@graph":[{"@type":"WebPage","@id":"https:\/\/atelierania.pl\/PL\/galeria\/mandala-czerwona\/","url":"https:\/\/atelierania.pl\/PL\/galeria\/mandala-czerwona\/","name":"Mandala Czerwona - Atelier Ania","isPartOf":{"@id":"https:\/\/atelierania.pl\/PL\/#website"},"primaryImageOfPage":{"@id":"https:\/\/atelierania.pl\/PL\/galeria\/mandala-czerwona\/#primaryimage"},"image":{"@id":"https:\/\/atelierania.pl\/PL\/galeria\/mandala-czerwona\/#primaryimage"},"thumbnailUrl":"https:\/\/atelierania.pl\/PL\/wp-content\/uploads\/2025\/02\/czerwona_sold.png","datePublished":"2025-02-11T14:07:02+00:00","dateModified":"2025-10-06T11:05:21+00:00","description":"Mandala ceramiczna Czerwona, inspirowana energetyk\u0105 czakry podstawy. Wibruj\u0105ca czerwie\u0144 uziemia, przytula","breadcrumb":{"@id":"https:\/\/atelierania.pl\/PL\/galeria\/mandala-czerwona\/#breadcrumb"},"inLanguage":"pl-PL","potentialAction":[{"@type":"ReadAction","target":["https:\/\/atelierania.pl\/PL\/galeria\/mandala-czerwona\/"]}]},{"@type":"ImageObject","inLanguage":"pl-PL","@id":"https:\/\/atelierania.pl\/PL\/galeria\/mandala-czerwona\/#primaryimage","url":"https:\/\/atelierania.pl\/PL\/wp-content\/uploads\/2025\/02\/czerwona_sold.png","contentUrl":"https:\/\/atelierania.pl\/PL\/wp-content\/uploads\/2025\/02\/czerwona_sold.png","width":1080,"height":1080,"caption":"mandala czakry podstawy sprzedana"},{"@type":"BreadcrumbList","@id":"https:\/\/atelierania.pl\/PL\/galeria\/mandala-czerwona\/#breadcrumb","itemListElement":[{"@type":"ListItem","position":1,"name":"Strona g\u0142\u00f3wna","item":"https:\/\/atelierania.pl\/PL\/"},{"@type":"ListItem","position":2,"name":"Mandala Czerwona"}]},{"@type":"WebSite","@id":"https:\/\/atelierania.pl\/PL\/#website","url":"https:\/\/atelierania.pl\/PL\/","name":"Atelier Ania","description":"","publisher":{"@id":"https:\/\/atelierania.pl\/PL\/#organization"},"potentialAction":[{"@type":"SearchAction","target":{"@type":"EntryPoint","urlTemplate":"https:\/\/atelierania.pl\/PL\/?s={search_term_string}"},"query-input":{"@type":"PropertyValueSpecification","valueRequired":true,"valueName":"search_term_string"}}],"inLanguage":"pl-PL"},{"@type":"Organization","@id":"https:\/\/atelierania.pl\/PL\/#organization","name":"Atelier Ania","url":"https:\/\/atelierania.pl\/PL\/","logo":{"@type":"ImageObject","inLanguage":"pl-PL","@id":"https:\/\/atelierania.pl\/PL\/#\/schema\/logo\/image\/","url":"https:\/\/atelierania.pl\/PL\/wp-content\/uploads\/2023\/03\/logo_f.jpg","contentUrl":"https:\/\/atelierania.pl\/PL\/wp-content\/uploads\/2023\/03\/logo_f.jpg","width":51,"height":51,"caption":"Atelier Ania"},"image":{"@id":"https:\/\/atelierania.pl\/PL\/#\/schema\/logo\/image\/"}}]}},"_links":{"self":[{"href":"https:\/\/atelierania.pl\/PL\/wp-json\/wp\/v2\/product\/7055","targetHints":{"allow":["GET"]}}],"collection":[{"href":"https:\/\/atelierania.pl\/PL\/wp-json\/wp\/v2\/product"}],"about":[{"href":"https:\/\/atelierania.pl\/PL\/wp-json\/wp\/v2\/types\/product"}],"version-history":[{"count":4,"href":"https:\/\/atelierania.pl\/PL\/wp-json\/wp\/v2\/product\/7055\/revisions"}],"predecessor-version":[{"id":7064,"href":"https:\/\/atelierania.pl\/PL\/wp-json\/wp\/v2\/product\/7055\/revisions\/7064"}],"wp:featuredmedia":[{"embeddable":true,"href":"https:\/\/atelierania.pl\/PL\/wp-json\/wp\/v2\/media\/7060"}],"wp:attachment":[{"href":"https:\/\/atelierania.pl\/PL\/wp-json\/wp\/v2\/media?parent=7055"}],"wp:term":[{"taxonomy":"product_brand","embeddable":true,"href":"https:\/\/atelierania.pl\/PL\/wp-json\/wp\/v2\/product_brand?post=7055"},{"taxonomy":"product_cat","embeddable":true,"href":"https:\/\/atelierania.pl\/PL\/wp-json\/wp\/v2\/product_cat?post=7055"},{"taxonomy":"product_tag","embeddable":true,"href":"https:\/\/atelierania.pl\/PL\/wp-json\/wp\/v2\/product_tag?post=7055"}],"curies":[{"name":"wp","href":"https:\/\/api.w.org\/{rel}","templated":true}]}}